{"id":4348,"date":"2024-07-04T15:53:30","date_gmt":"2024-07-04T07:53:30","guid":{"rendered":"https:\/\/baxne.com\/?page_id=4348"},"modified":"2024-07-04T16:01:58","modified_gmt":"2024-07-04T08:01:58","slug":"returns","status":"publish","type":"page","link":"https:\/\/baxne.com\/de\/gibt-zuruck\/","title":{"rendered":"R\u00fcckgabe"},"content":{"rendered":"<h3 class=\"wp-block-heading\">R\u00fcckgabe- und Erstattungspolitik<\/h3>\n\n\n\n<p>Sie haben das Recht, Ihre Bestellung innerhalb von 30 Tagen ohne Angabe von Gr\u00fcnden zu widerrufen.<\/p>\n\n\n\n<p>Die Widerrufsfrist betr\u00e4gt 30 Tage ab dem Tag, an dem Sie die Ware erhalten haben oder an dem ein von Ihnen benannter Dritter, der nicht der Bef\u00f6rderer ist, die gelieferte Ware in Besitz genommen hat.<\/p>\n\n\n\n<p>Um von Ihrem Widerrufsrecht Gebrauch zu machen, m\u00fcssen Sie uns mittels einer eindeutigen Erkl\u00e4rung \u00fcber Ihre Entscheidung informieren.<\/p>\n\n\n\n<p>Sie k\u00f6nnen uns per E-Mail \u00fcber Ihre Entscheidung informieren <a target=\"_blank\" href=\"mailto:tianke1223@gmail.com\" rel=\"noreferrer noopener\">tianke1223@gmail.com<\/a><\/p>\n\n\n\n<p>Wir erstatten Ihnen den Betrag sp\u00e4testens 30 Tage nach Erhalt der zur\u00fcckgesandten Waren. Wir verwenden dasselbe Zahlungsmittel, das Sie f\u00fcr die Bestellung verwendet haben, und es fallen f\u00fcr Sie keine Geb\u00fchren f\u00fcr diese R\u00fcckerstattung an.<\/p>\n\n\n\n<h6 class=\"wp-block-heading\">Bedingungen f\u00fcr die R\u00fcckgabe:<\/h6>\n\n\n\n<p>Damit die Waren f\u00fcr eine R\u00fcckgabe in Frage kommen, stellen Sie bitte sicher, dass:<\/p>\n\n\n\n<ul class=\"wp-block-list\">\n<li>Die Waren wurden in den letzten 30 Tagen gekauft<\/li>\n\n\n\n<li>Die Waren sind in der Originalverpackung<\/li>\n<\/ul>\n\n\n\n<p>Die folgenden Waren k\u00f6nnen nicht zur\u00fcckgegeben werden:<\/p>\n\n\n\n<ul class=\"wp-block-list\">\n<li>Die Lieferung von Waren, die nach Ihren Spezifikationen angefertigt oder eindeutig personalisiert sind.<\/li>\n\n\n\n<li>Lieferung von Waren, die aufgrund ihrer Beschaffenheit nicht f\u00fcr eine R\u00fccksendung geeignet sind, z. B. Waren, die schnell verderben oder deren Verfallsdatum \u00fcberschritten wurde.<\/li>\n\n\n\n<li>Die Lieferung von Waren, die aus Gr\u00fcnden des Gesundheitsschutzes oder der Hygiene nicht zur R\u00fcckgabe geeignet sind und nach der Lieferung entsiegelt wurden.<\/li>\n\n\n\n<li>Die Lieferung von Gegenst\u00e4nden, die nach ihrer Lieferung ihrer Art nach untrennbar mit anderen Gegenst\u00e4nden vermischt sind.<\/li>\n<\/ul>\n\n\n\n<p>Wir behalten uns das Recht vor, die R\u00fcckgabe von Waren, die nicht den oben genannten Bedingungen entsprechen, nach unserem alleinigen Ermessen abzulehnen.<\/p>\n\n\n\n<h6 class=\"wp-block-heading\">R\u00fccksendung von Waren<\/h6>\n\n\n\n<p>Sie tragen die Kosten und das Risiko der R\u00fccksendung der Waren an uns. Sie sollten die Waren an die folgende Adresse schicken:<\/p>\n\n\n\n<p>Global Center S1, 1137, CHENGDU, CHINA, 610000<\/p>\n\n\n\n<p>Wir k\u00f6nnen nicht f\u00fcr Waren verantwortlich gemacht werden, die beim R\u00fcckversand besch\u00e4digt werden oder verloren gehen. Daher empfehlen wir einen versicherten und verfolgbaren Postdienst. Wir sind nicht in der Lage, eine R\u00fcckerstattung ohne den tats\u00e4chlichen Erhalt der Ware oder den Nachweis der erhaltenen R\u00fccksendung auszustellen.<\/p>\n\n\n\n<h6 class=\"wp-block-heading\">Geschenke:<\/h6>\n\n\n\n<p>Wenn die Ware beim Kauf als Geschenk gekennzeichnet war und direkt an Sie versandt wurde, erhalten Sie eine Geschenkgutschrift in H\u00f6he des Wertes Ihrer R\u00fccksendung. Sobald das zur\u00fcckgesandte Produkt eingegangen ist, wird Ihnen ein Geschenkgutschein zugeschickt.<\/p>\n\n\n\n<p>Wenn die Ware beim Kauf nicht als Geschenk gekennzeichnet war oder der Schenkende die Bestellung an sich selbst geschickt hat, um sie Ihnen sp\u00e4ter zu schenken, senden wir die R\u00fcckerstattung an den Schenkenden.<\/p>\n\n\n\n<h6 class=\"wp-block-heading\">Kontakt<\/h6>\n\n\n\n<p>Wenn Sie Fragen zu unserer R\u00fcckgabe- und Erstattungspolitik haben, kontaktieren Sie uns bitte per E-Mail <a target=\"_blank\" href=\"mailto:tianke1223@gmail.com\" rel=\"noreferrer noopener\">tianke1223@gmail.com<\/a><\/p>","protected":false},"excerpt":{"rendered":"<p>Returns &amp; Refunds policy You are entitled to cancel your order within 30 days without giving any reason for doing so. The deadline for canceling an order is 30 days from the date you received the goods or on which a third party you have appointed, who is not the carrier, takes possession of the [&hellip;]<\/p>\n","protected":false},"author":1,"featured_media":0,"parent":0,"menu_order":0,"comment_status":"closed","ping_status":"closed","template":"","meta":{"_uag_custom_page_level_css":"","site-sidebar-layout":"default","site-content-layout":"","ast-site-content-layout":"default","site-content-style":"default","site-sidebar-style":"default","ast-global-header-display":"","ast-banner-title-visibility":"","ast-main-header-display":"","ast-hfb-above-header-display":"","ast-hfb-below-header-display":"","ast-hfb-mobile-header-display":"","site-post-title":"","ast-breadcrumbs-content":"","ast-featured-img":"","footer-sml-layout":"","ast-disable-related-posts":"","theme-transparent-header-meta":"","adv-header-id-meta":"","stick-header-meta":"","header-above-stick-meta":"","header-main-stick-meta":"","header-below-stick-meta":"","astra-migrate-meta-layouts":"set","ast-page-background-enabled":"default","ast-page-background-meta":{"desktop":{"background-color":"","background-image":"","background-repeat":"repeat","background-position":"center center","background-size":"auto","background-attachment":"scroll","background-type":"","background-media":"","overlay-type":"","overlay-color":"","overlay-opacity":"","overlay-gradient":""},"tablet":{"background-color":"","background-image":"","background-repeat":"repeat","background-position":"center center","background-size":"auto","background-attachment":"scroll","background-type":"","background-media":"","overlay-type":"","overlay-color":"","overlay-opacity":"","overlay-gradient":""},"mobile":{"background-color":"","background-image":"","background-repeat":"repeat","background-position":"center center","background-size":"auto","background-attachment":"scroll","background-type":"","background-media":"","overlay-type":"","overlay-color":"","overlay-opacity":"","overlay-gradient":""}},"ast-content-background-meta":{"desktop":{"background-color":"var(--ast-global-color-5)","background-image":"","background-repeat":"repeat","background-position":"center center","background-size":"auto","background-attachment":"scroll","background-type":"","background-media":"","overlay-type":"","overlay-color":"","overlay-opacity":"","overlay-gradient":""},"tablet":{"background-color":"var(--ast-global-color-5)","background-image":"","background-repeat":"repeat","background-position":"center center","background-size":"auto","background-attachment":"scroll","background-type":"","background-media":"","overlay-type":"","overlay-color":"","overlay-opacity":"","overlay-gradient":""},"mobile":{"background-color":"var(--ast-global-color-5)","background-image":"","background-repeat":"repeat","background-position":"center center","background-size":"auto","background-attachment":"scroll","background-type":"","background-media":"","overlay-type":"","overlay-color":"","overlay-opacity":"","overlay-gradient":""}},"footnotes":""},"class_list":["post-4348","page","type-page","status-publish","hentry"],"yoast_head":"<!-- This site is optimized with the Yoast SEO plugin v27.1.1 - https:\/\/yoast.com\/product\/yoast-seo-wordpress\/ -->\n<title>Returns - baxne<\/title>\n<meta name=\"robots\" content=\"index, follow, max-snippet:-1, max-image-preview:large, max-video-preview:-1\" \/>\n<link rel=\"canonical\" href=\"https:\/\/baxne.com\/de\/gibt-zuruck\/\" \/>\n<meta property=\"og:locale\" content=\"de_DE\" \/>\n<meta property=\"og:type\" content=\"article\" \/>\n<meta property=\"og:title\" content=\"Returns - baxne\" \/>\n<meta property=\"og:description\" content=\"Returns &amp; Refunds policy You are entitled to cancel your order within 30 days without giving any reason for doing so. The deadline for canceling an order is 30 days from the date you received the goods or on which a third party you have appointed, who is not the carrier, takes possession of the [&hellip;]\" \/>\n<meta property=\"og:url\" content=\"https:\/\/baxne.com\/de\/gibt-zuruck\/\" \/>\n<meta property=\"og:site_name\" content=\"baxne\" \/>\n<meta property=\"article:modified_time\" content=\"2024-07-04T08:01:58+00:00\" \/>\n<meta property=\"og:image\" content=\"https:\/\/baxne.com\/wp-content\/uploads\/2024\/06\/logo-4.png\" \/>\n\t<meta property=\"og:image:width\" content=\"1065\" \/>\n\t<meta property=\"og:image:height\" content=\"268\" \/>\n\t<meta property=\"og:image:type\" content=\"image\/png\" \/>\n<meta name=\"twitter:card\" content=\"summary_large_image\" \/>\n<meta name=\"twitter:label1\" content=\"Gesch\u00e4tzte Lesezeit\" \/>\n\t<meta name=\"twitter:data1\" content=\"3\u00a0Minuten\" \/>\n<script type=\"application\/ld+json\" class=\"yoast-schema-graph\">{\"@context\":\"https:\/\/schema.org\",\"@graph\":[{\"@type\":\"WebPage\",\"@id\":\"https:\/\/baxne.com\/returns\/\",\"url\":\"https:\/\/baxne.com\/returns\/\",\"name\":\"Returns - baxne\",\"isPartOf\":{\"@id\":\"https:\/\/baxne.com\/#website\"},\"datePublished\":\"2024-07-04T07:53:30+00:00\",\"dateModified\":\"2024-07-04T08:01:58+00:00\",\"breadcrumb\":{\"@id\":\"https:\/\/baxne.com\/returns\/#breadcrumb\"},\"inLanguage\":\"de\",\"potentialAction\":[{\"@type\":\"ReadAction\",\"target\":[\"https:\/\/baxne.com\/returns\/\"]}]},{\"@type\":\"BreadcrumbList\",\"@id\":\"https:\/\/baxne.com\/returns\/#breadcrumb\",\"itemListElement\":[{\"@type\":\"ListItem\",\"position\":1,\"name\":\"\u9996\u9875\",\"item\":\"https:\/\/baxne.com\/\"},{\"@type\":\"ListItem\",\"position\":2,\"name\":\"Returns\"}]},{\"@type\":\"WebSite\",\"@id\":\"https:\/\/baxne.com\/#website\",\"url\":\"https:\/\/baxne.com\/\",\"name\":\"baxne.com\",\"description\":\"\",\"publisher\":{\"@id\":\"https:\/\/baxne.com\/#organization\"},\"potentialAction\":[{\"@type\":\"SearchAction\",\"target\":{\"@type\":\"EntryPoint\",\"urlTemplate\":\"https:\/\/baxne.com\/?s={search_term_string}\"},\"query-input\":{\"@type\":\"PropertyValueSpecification\",\"valueRequired\":true,\"valueName\":\"search_term_string\"}}],\"inLanguage\":\"de\"},{\"@type\":\"Organization\",\"@id\":\"https:\/\/baxne.com\/#organization\",\"name\":\"baxne.com\",\"url\":\"https:\/\/baxne.com\/\",\"logo\":{\"@type\":\"ImageObject\",\"inLanguage\":\"de\",\"@id\":\"https:\/\/baxne.com\/#\/schema\/logo\/image\/\",\"url\":\"https:\/\/baxne.com\/wp-content\/uploads\/2024\/06\/logo-1.png\",\"contentUrl\":\"https:\/\/baxne.com\/wp-content\/uploads\/2024\/06\/logo-1.png\",\"width\":1065,\"height\":268,\"caption\":\"baxne.com\"},\"image\":{\"@id\":\"https:\/\/baxne.com\/#\/schema\/logo\/image\/\"}}]}<\/script>\n<!-- \/ Yoast SEO plugin. -->","yoast_head_json":{"title":"R\u00fccksendungen - baxne","robots":{"index":"index","follow":"follow","max-snippet":"max-snippet:-1","max-image-preview":"max-image-preview:large","max-video-preview":"max-video-preview:-1"},"canonical":"https:\/\/baxne.com\/de\/gibt-zuruck\/","og_locale":"de_DE","og_type":"article","og_title":"Returns - baxne","og_description":"Returns &amp; Refunds policy You are entitled to cancel your order within 30 days without giving any reason for doing so. The deadline for canceling an order is 30 days from the date you received the goods or on which a third party you have appointed, who is not the carrier, takes possession of the [&hellip;]","og_url":"https:\/\/baxne.com\/de\/gibt-zuruck\/","og_site_name":"baxne","article_modified_time":"2024-07-04T08:01:58+00:00","og_image":[{"width":1065,"height":268,"url":"https:\/\/baxne.com\/wp-content\/uploads\/2024\/06\/logo-4.png","type":"image\/png"}],"twitter_card":"summary_large_image","twitter_misc":{"Gesch\u00e4tzte Lesezeit":"3\u00a0Minuten"},"schema":{"@context":"https:\/\/schema.org","@graph":[{"@type":"WebPage","@id":"https:\/\/baxne.com\/returns\/","url":"https:\/\/baxne.com\/returns\/","name":"R\u00fccksendungen - baxne","isPartOf":{"@id":"https:\/\/baxne.com\/#website"},"datePublished":"2024-07-04T07:53:30+00:00","dateModified":"2024-07-04T08:01:58+00:00","breadcrumb":{"@id":"https:\/\/baxne.com\/returns\/#breadcrumb"},"inLanguage":"de","potentialAction":[{"@type":"ReadAction","target":["https:\/\/baxne.com\/returns\/"]}]},{"@type":"BreadcrumbList","@id":"https:\/\/baxne.com\/returns\/#breadcrumb","itemListElement":[{"@type":"ListItem","position":1,"name":"\u9996\u9875","item":"https:\/\/baxne.com\/"},{"@type":"ListItem","position":2,"name":"Returns"}]},{"@type":"WebSite","@id":"https:\/\/baxne.com\/#website","url":"https:\/\/baxne.com\/","name":"baxne.de","description":"","publisher":{"@id":"https:\/\/baxne.com\/#organization"},"potentialAction":[{"@type":"SearchAction","target":{"@type":"EntryPoint","urlTemplate":"https:\/\/baxne.com\/?s={search_term_string}"},"query-input":{"@type":"PropertyValueSpecification","valueRequired":true,"valueName":"search_term_string"}}],"inLanguage":"de"},{"@type":"Organization","@id":"https:\/\/baxne.com\/#organization","name":"baxne.de","url":"https:\/\/baxne.com\/","logo":{"@type":"ImageObject","inLanguage":"de","@id":"https:\/\/baxne.com\/#\/schema\/logo\/image\/","url":"https:\/\/baxne.com\/wp-content\/uploads\/2024\/06\/logo-1.png","contentUrl":"https:\/\/baxne.com\/wp-content\/uploads\/2024\/06\/logo-1.png","width":1065,"height":268,"caption":"baxne.com"},"image":{"@id":"https:\/\/baxne.com\/#\/schema\/logo\/image\/"}}]}},"_hostinger_reach_plugin_has_subscription_block":false,"_hostinger_reach_plugin_is_elementor":false,"uagb_featured_image_src":{"full":false,"thumbnail":false,"medium":false,"medium_large":false,"large":false,"1536x1536":false,"2048x2048":false,"trp-custom-language-flag":false,"woocommerce_thumbnail":false,"woocommerce_single":false,"woocommerce_gallery_thumbnail":false},"uagb_author_info":{"display_name":"tianke1223@gmail.com","author_link":"https:\/\/baxne.com\/de\/author\/tianke1223gmail-com\/"},"uagb_comment_info":0,"uagb_excerpt":"Returns &amp; Refunds policy You are entitled to cancel your order within 30 days without giving any reason for doing so. The deadline for canceling an order is 30 days from the date you received the goods or on which a third party you have appointed, who is not the carrier, takes possession of the&hellip;","jetpack_sharing_enabled":true,"_links":{"self":[{"href":"https:\/\/baxne.com\/de\/wp-json\/wp\/v2\/pages\/4348","targetHints":{"allow":["GET"]}}],"collection":[{"href":"https:\/\/baxne.com\/de\/wp-json\/wp\/v2\/pages"}],"about":[{"href":"https:\/\/baxne.com\/de\/wp-json\/wp\/v2\/types\/page"}],"author":[{"embeddable":true,"href":"https:\/\/baxne.com\/de\/wp-json\/wp\/v2\/users\/1"}],"replies":[{"embeddable":true,"href":"https:\/\/baxne.com\/de\/wp-json\/wp\/v2\/comments?post=4348"}],"version-history":[{"count":3,"href":"https:\/\/baxne.com\/de\/wp-json\/wp\/v2\/pages\/4348\/revisions"}],"predecessor-version":[{"id":4352,"href":"https:\/\/baxne.com\/de\/wp-json\/wp\/v2\/pages\/4348\/revisions\/4352"}],"wp:attachment":[{"href":"https:\/\/baxne.com\/de\/wp-json\/wp\/v2\/media?parent=4348"}],"curies":[{"name":"wp","href":"https:\/\/api.w.org\/{rel}","templated":true}]}}