{"id":4348,"date":"2024-07-04T15:53:30","date_gmt":"2024-07-04T07:53:30","guid":{"rendered":"https:\/\/baxne.com\/?page_id=4348"},"modified":"2024-07-04T16:01:58","modified_gmt":"2024-07-04T08:01:58","slug":"returns","status":"publish","type":"page","link":"https:\/\/baxne.com\/es\/devuelve\/","title":{"rendered":"Devuelve"},"content":{"rendered":"<h3 class=\"wp-block-heading\">Pol\u00edtica de devoluciones y reembolsos<\/h3>\n\n\n\n<p>Tiene derecho a anular su pedido en un plazo de 30 d\u00edas sin necesidad de justificaci\u00f3n.<\/p>\n\n\n\n<p>El plazo para anular un pedido es de 30 d\u00edas a partir de la fecha en que usted haya recibido la mercanc\u00eda o en que un tercero designado por usted, que no sea el transportista, tome posesi\u00f3n del producto entregado.<\/p>\n\n\n\n<p>Para ejercer su derecho de cancelaci\u00f3n, debe informarnos de su decisi\u00f3n mediante una declaraci\u00f3n clara.<\/p>\n\n\n\n<p>Puede comunicarnos su decisi\u00f3n por correo electr\u00f3nico <a target=\"_blank\" href=\"mailto:tianke1223@gmail.com\" rel=\"noreferrer noopener\">tianke1223@gmail.com<\/a><\/p>\n\n\n\n<p>Le reembolsaremos el importe en un plazo m\u00e1ximo de 30 d\u00edas a partir de la fecha de recepci\u00f3n de los productos devueltos. Utilizaremos el mismo medio de pago que usted utiliz\u00f3 para el pedido, y no incurrir\u00e1 en ning\u00fan gasto por dicho reembolso.<\/p>\n\n\n\n<h6 class=\"wp-block-heading\">Condiciones de devoluci\u00f3n:<\/h6>\n\n\n\n<p>Para que la mercanc\u00eda pueda ser objeto de devoluci\u00f3n, aseg\u00farese de que:<\/p>\n\n\n\n<ul class=\"wp-block-list\">\n<li>Los bienes se compraron en los \u00faltimos 30 d\u00edas<\/li>\n\n\n\n<li>La mercanc\u00eda est\u00e1 en su embalaje original<\/li>\n<\/ul>\n\n\n\n<p>Los siguientes productos no pueden devolverse:<\/p>\n\n\n\n<ul class=\"wp-block-list\">\n<li>El suministro de bienes confeccionados seg\u00fan sus especificaciones o claramente personalizados.<\/li>\n\n\n\n<li>El suministro de bienes que por su naturaleza no son aptos para ser devueltos, por ejemplo, bienes que se deterioran r\u00e1pidamente o cuya fecha de caducidad ha vencido.<\/li>\n\n\n\n<li>El suministro de bienes que no son aptos para ser devueltos por razones de protecci\u00f3n de la salud o de higiene y que fueron desprecintados tras la entrega.<\/li>\n\n\n\n<li>El suministro de bienes que, despu\u00e9s de la entrega, seg\u00fan su naturaleza, est\u00e1n inseparablemente mezclados con otros art\u00edculos.<\/li>\n<\/ul>\n\n\n\n<p>Nos reservamos el derecho a rechazar las devoluciones de cualquier mercanc\u00eda que no cumpla las condiciones de devoluci\u00f3n anteriores a nuestra entera discreci\u00f3n.<\/p>\n\n\n\n<h6 class=\"wp-block-heading\">Devoluci\u00f3n de mercanc\u00edas<\/h6>\n\n\n\n<p>Usted es responsable del coste y el riesgo de devolvernos la mercanc\u00eda. Deber\u00e1 enviar la mercanc\u00eda a la siguiente direcci\u00f3n:<\/p>\n\n\n\n<p>Global Center S1, 1137, CHENGDU, CHINA, 610000<\/p>\n\n\n\n<p>No nos hacemos responsables de los art\u00edculos da\u00f1ados o perdidos en el env\u00edo de devoluci\u00f3n. Por lo tanto, recomendamos un servicio de correo asegurado y con seguimiento. No podemos emitir un reembolso sin la recepci\u00f3n real de la mercanc\u00eda o una prueba de la recepci\u00f3n de la devoluci\u00f3n.<\/p>\n\n\n\n<h6 class=\"wp-block-heading\">Regalos:<\/h6>\n\n\n\n<p>Si los productos se marcaron como regalo al comprarlos y luego se le enviaron directamente a usted, recibir\u00e1 un cr\u00e9dito de regalo por el valor de su devoluci\u00f3n. Una vez recibido el producto devuelto, se le enviar\u00e1 por correo un cheque regalo.<\/p>\n\n\n\n<p>Si los productos no estaban marcados como regalo en el momento de la compra, o si la persona que hizo el regalo se envi\u00f3 el pedido a s\u00ed misma para d\u00e1rselo a usted m\u00e1s tarde, enviaremos el reembolso a la persona que hizo el regalo.<\/p>\n\n\n\n<h6 class=\"wp-block-heading\">Contacte con nosotros<\/h6>\n\n\n\n<p>Si tiene alguna pregunta sobre nuestra pol\u00edtica de devoluciones y reembolsos, p\u00f3ngase en contacto con nosotros por correo electr\u00f3nico <a target=\"_blank\" href=\"mailto:tianke1223@gmail.com\" rel=\"noreferrer noopener\">tianke1223@gmail.com<\/a><\/p>","protected":false},"excerpt":{"rendered":"<p>Returns &amp; Refunds policy You are entitled to cancel your order within 30 days without giving any reason for doing so. The deadline for canceling an order is 30 days from the date you received the goods or on which a third party you have appointed, who is not the carrier, takes possession of the [&hellip;]<\/p>\n","protected":false},"author":1,"featured_media":0,"parent":0,"menu_order":0,"comment_status":"closed","ping_status":"closed","template":"","meta":{"_uag_custom_page_level_css":"","site-sidebar-layout":"default","site-content-layout":"","ast-site-content-layout":"default","site-content-style":"default","site-sidebar-style":"default","ast-global-header-display":"","ast-banner-title-visibility":"","ast-main-header-display":"","ast-hfb-above-header-display":"","ast-hfb-below-header-display":"","ast-hfb-mobile-header-display":"","site-post-title":"","ast-breadcrumbs-content":"","ast-featured-img":"","footer-sml-layout":"","ast-disable-related-posts":"","theme-transparent-header-meta":"","adv-header-id-meta":"","stick-header-meta":"","header-above-stick-meta":"","header-main-stick-meta":"","header-below-stick-meta":"","astra-migrate-meta-layouts":"set","ast-page-background-enabled":"default","ast-page-background-meta":{"desktop":{"background-color":"","background-image":"","background-repeat":"repeat","background-position":"center center","background-size":"auto","background-attachment":"scroll","background-type":"","background-media":"","overlay-type":"","overlay-color":"","overlay-opacity":"","overlay-gradient":""},"tablet":{"background-color":"","background-image":"","background-repeat":"repeat","background-position":"center center","background-size":"auto","background-attachment":"scroll","background-type":"","background-media":"","overlay-type":"","overlay-color":"","overlay-opacity":"","overlay-gradient":""},"mobile":{"background-color":"","background-image":"","background-repeat":"repeat","background-position":"center center","background-size":"auto","background-attachment":"scroll","background-type":"","background-media":"","overlay-type":"","overlay-color":"","overlay-opacity":"","overlay-gradient":""}},"ast-content-background-meta":{"desktop":{"background-color":"var(--ast-global-color-5)","background-image":"","background-repeat":"repeat","background-position":"center center","background-size":"auto","background-attachment":"scroll","background-type":"","background-media":"","overlay-type":"","overlay-color":"","overlay-opacity":"","overlay-gradient":""},"tablet":{"background-color":"var(--ast-global-color-5)","background-image":"","background-repeat":"repeat","background-position":"center center","background-size":"auto","background-attachment":"scroll","background-type":"","background-media":"","overlay-type":"","overlay-color":"","overlay-opacity":"","overlay-gradient":""},"mobile":{"background-color":"var(--ast-global-color-5)","background-image":"","background-repeat":"repeat","background-position":"center center","background-size":"auto","background-attachment":"scroll","background-type":"","background-media":"","overlay-type":"","overlay-color":"","overlay-opacity":"","overlay-gradient":""}},"footnotes":""},"class_list":["post-4348","page","type-page","status-publish","hentry"],"yoast_head":"<!-- This site is optimized with the Yoast SEO plugin v27.4 - https:\/\/yoast.com\/product\/yoast-seo-wordpress\/ -->\n<title>Returns - baxne<\/title>\n<meta name=\"robots\" content=\"index, follow, max-snippet:-1, max-image-preview:large, max-video-preview:-1\" \/>\n<link rel=\"canonical\" href=\"https:\/\/baxne.com\/es\/devuelve\/\" \/>\n<meta property=\"og:locale\" content=\"es_ES\" \/>\n<meta property=\"og:type\" content=\"article\" \/>\n<meta property=\"og:title\" content=\"Returns - baxne\" \/>\n<meta property=\"og:description\" content=\"Returns &amp; Refunds policy You are entitled to cancel your order within 30 days without giving any reason for doing so. The deadline for canceling an order is 30 days from the date you received the goods or on which a third party you have appointed, who is not the carrier, takes possession of the [&hellip;]\" \/>\n<meta property=\"og:url\" content=\"https:\/\/baxne.com\/es\/devuelve\/\" \/>\n<meta property=\"og:site_name\" content=\"baxne\" \/>\n<meta property=\"article:modified_time\" content=\"2024-07-04T08:01:58+00:00\" \/>\n<meta property=\"og:image\" content=\"https:\/\/baxne.com\/wp-content\/uploads\/2024\/06\/logo-4.png\" \/>\n\t<meta property=\"og:image:width\" content=\"1065\" \/>\n\t<meta property=\"og:image:height\" content=\"268\" \/>\n\t<meta property=\"og:image:type\" content=\"image\/png\" \/>\n<meta name=\"twitter:card\" content=\"summary_large_image\" \/>\n<meta name=\"twitter:label1\" content=\"Tiempo de lectura\" \/>\n\t<meta name=\"twitter:data1\" content=\"3 minutos\" \/>\n<script type=\"application\/ld+json\" class=\"yoast-schema-graph\">{\"@context\":\"https:\\\/\\\/schema.org\",\"@graph\":[{\"@type\":\"WebPage\",\"@id\":\"https:\\\/\\\/baxne.com\\\/returns\\\/\",\"url\":\"https:\\\/\\\/baxne.com\\\/returns\\\/\",\"name\":\"Returns - baxne\",\"isPartOf\":{\"@id\":\"https:\\\/\\\/baxne.com\\\/#website\"},\"datePublished\":\"2024-07-04T07:53:30+00:00\",\"dateModified\":\"2024-07-04T08:01:58+00:00\",\"breadcrumb\":{\"@id\":\"https:\\\/\\\/baxne.com\\\/returns\\\/#breadcrumb\"},\"inLanguage\":\"es\",\"potentialAction\":[{\"@type\":\"ReadAction\",\"target\":[\"https:\\\/\\\/baxne.com\\\/returns\\\/\"]}]},{\"@type\":\"BreadcrumbList\",\"@id\":\"https:\\\/\\\/baxne.com\\\/returns\\\/#breadcrumb\",\"itemListElement\":[{\"@type\":\"ListItem\",\"position\":1,\"name\":\"\u9996\u9875\",\"item\":\"https:\\\/\\\/baxne.com\\\/\"},{\"@type\":\"ListItem\",\"position\":2,\"name\":\"Returns\"}]},{\"@type\":\"WebSite\",\"@id\":\"https:\\\/\\\/baxne.com\\\/#website\",\"url\":\"https:\\\/\\\/baxne.com\\\/\",\"name\":\"baxne.com\",\"description\":\"\",\"publisher\":{\"@id\":\"https:\\\/\\\/baxne.com\\\/#organization\"},\"potentialAction\":[{\"@type\":\"SearchAction\",\"target\":{\"@type\":\"EntryPoint\",\"urlTemplate\":\"https:\\\/\\\/baxne.com\\\/?s={search_term_string}\"},\"query-input\":{\"@type\":\"PropertyValueSpecification\",\"valueRequired\":true,\"valueName\":\"search_term_string\"}}],\"inLanguage\":\"es\"},{\"@type\":\"Organization\",\"@id\":\"https:\\\/\\\/baxne.com\\\/#organization\",\"name\":\"baxne.com\",\"url\":\"https:\\\/\\\/baxne.com\\\/\",\"logo\":{\"@type\":\"ImageObject\",\"inLanguage\":\"es\",\"@id\":\"https:\\\/\\\/baxne.com\\\/#\\\/schema\\\/logo\\\/image\\\/\",\"url\":\"https:\\\/\\\/baxne.com\\\/wp-content\\\/uploads\\\/2024\\\/06\\\/logo-1.png\",\"contentUrl\":\"https:\\\/\\\/baxne.com\\\/wp-content\\\/uploads\\\/2024\\\/06\\\/logo-1.png\",\"width\":1065,\"height\":268,\"caption\":\"baxne.com\"},\"image\":{\"@id\":\"https:\\\/\\\/baxne.com\\\/#\\\/schema\\\/logo\\\/image\\\/\"}}]}<\/script>\n<!-- \/ Yoast SEO plugin. -->","yoast_head_json":{"title":"Devoluciones - baxne","robots":{"index":"index","follow":"follow","max-snippet":"max-snippet:-1","max-image-preview":"max-image-preview:large","max-video-preview":"max-video-preview:-1"},"canonical":"https:\/\/baxne.com\/es\/devuelve\/","og_locale":"es_ES","og_type":"article","og_title":"Returns - baxne","og_description":"Returns &amp; Refunds policy You are entitled to cancel your order within 30 days without giving any reason for doing so. The deadline for canceling an order is 30 days from the date you received the goods or on which a third party you have appointed, who is not the carrier, takes possession of the [&hellip;]","og_url":"https:\/\/baxne.com\/es\/devuelve\/","og_site_name":"baxne","article_modified_time":"2024-07-04T08:01:58+00:00","og_image":[{"width":1065,"height":268,"url":"https:\/\/baxne.com\/wp-content\/uploads\/2024\/06\/logo-4.png","type":"image\/png"}],"twitter_card":"summary_large_image","twitter_misc":{"Tiempo de lectura":"3 minutos"},"schema":{"@context":"https:\/\/schema.org","@graph":[{"@type":"WebPage","@id":"https:\/\/baxne.com\/returns\/","url":"https:\/\/baxne.com\/returns\/","name":"Devoluciones - baxne","isPartOf":{"@id":"https:\/\/baxne.com\/#website"},"datePublished":"2024-07-04T07:53:30+00:00","dateModified":"2024-07-04T08:01:58+00:00","breadcrumb":{"@id":"https:\/\/baxne.com\/returns\/#breadcrumb"},"inLanguage":"es","potentialAction":[{"@type":"ReadAction","target":["https:\/\/baxne.com\/returns\/"]}]},{"@type":"BreadcrumbList","@id":"https:\/\/baxne.com\/returns\/#breadcrumb","itemListElement":[{"@type":"ListItem","position":1,"name":"\u9996\u9875","item":"https:\/\/baxne.com\/"},{"@type":"ListItem","position":2,"name":"Returns"}]},{"@type":"WebSite","@id":"https:\/\/baxne.com\/#website","url":"https:\/\/baxne.com\/","name":"baxne.com","description":"","publisher":{"@id":"https:\/\/baxne.com\/#organization"},"potentialAction":[{"@type":"SearchAction","target":{"@type":"EntryPoint","urlTemplate":"https:\/\/baxne.com\/?s={search_term_string}"},"query-input":{"@type":"PropertyValueSpecification","valueRequired":true,"valueName":"search_term_string"}}],"inLanguage":"es"},{"@type":"Organization","@id":"https:\/\/baxne.com\/#organization","name":"baxne.com","url":"https:\/\/baxne.com\/","logo":{"@type":"ImageObject","inLanguage":"es","@id":"https:\/\/baxne.com\/#\/schema\/logo\/image\/","url":"https:\/\/baxne.com\/wp-content\/uploads\/2024\/06\/logo-1.png","contentUrl":"https:\/\/baxne.com\/wp-content\/uploads\/2024\/06\/logo-1.png","width":1065,"height":268,"caption":"baxne.com"},"image":{"@id":"https:\/\/baxne.com\/#\/schema\/logo\/image\/"}}]}},"_hostinger_reach_plugin_has_subscription_block":false,"_hostinger_reach_plugin_is_elementor":false,"uagb_featured_image_src":{"full":false,"thumbnail":false,"medium":false,"medium_large":false,"large":false,"1536x1536":false,"2048x2048":false,"trp-custom-language-flag":false,"woocommerce_thumbnail":false,"woocommerce_single":false,"woocommerce_gallery_thumbnail":false},"uagb_author_info":{"display_name":"tianke1223@gmail.com","author_link":"https:\/\/baxne.com\/es\/author\/tianke1223gmail-com\/"},"uagb_comment_info":0,"uagb_excerpt":"Returns &amp; Refunds policy You are entitled to cancel your order within 30 days without giving any reason for doing so. The deadline for canceling an order is 30 days from the date you received the goods or on which a third party you have appointed, who is not the carrier, takes possession of the&hellip;","jetpack_sharing_enabled":true,"_links":{"self":[{"href":"https:\/\/baxne.com\/es\/wp-json\/wp\/v2\/pages\/4348","targetHints":{"allow":["GET"]}}],"collection":[{"href":"https:\/\/baxne.com\/es\/wp-json\/wp\/v2\/pages"}],"about":[{"href":"https:\/\/baxne.com\/es\/wp-json\/wp\/v2\/types\/page"}],"author":[{"embeddable":true,"href":"https:\/\/baxne.com\/es\/wp-json\/wp\/v2\/users\/1"}],"replies":[{"embeddable":true,"href":"https:\/\/baxne.com\/es\/wp-json\/wp\/v2\/comments?post=4348"}],"version-history":[{"count":3,"href":"https:\/\/baxne.com\/es\/wp-json\/wp\/v2\/pages\/4348\/revisions"}],"predecessor-version":[{"id":4352,"href":"https:\/\/baxne.com\/es\/wp-json\/wp\/v2\/pages\/4348\/revisions\/4352"}],"wp:attachment":[{"href":"https:\/\/baxne.com\/es\/wp-json\/wp\/v2\/media?parent=4348"}],"curies":[{"name":"wp","href":"https:\/\/api.w.org\/{rel}","templated":true}]}}