{"id":4354,"date":"2024-07-04T16:05:26","date_gmt":"2024-07-04T08:05:26","guid":{"rendered":"https:\/\/baxne.com\/?page_id=4354"},"modified":"2024-07-04T16:05:29","modified_gmt":"2024-07-04T08:05:29","slug":"payments-delivery","status":"publish","type":"page","link":"https:\/\/baxne.com\/fi\/maksut-toimitus\/","title":{"rendered":"Maksut &amp; toimitus"},"content":{"rendered":"<h4 class=\"wp-block-heading\">Maksut<\/h4>\n\n\n\n<p>Tarjoamme yli tusinan verran maksuvaihtoehtoja, jotta voit maksaa tarpeisiisi sopivalla tavalla. Kolmannen osapuolen maksupalveluntarjoaja k\u00e4sittelee kaikki maksut turvallisesti, ja ne on suojattu salauksella. Jos palautat tilauksesi ja saat hyvityksen, hyvit\u00e4mme tilauksesi arvon alun perin k\u00e4ytt\u00e4m\u00e4si maksutavan kautta.<\/p>\n\n\n\n<h4 class=\"wp-block-heading\">Toimitus<\/h4>\n\n\n\n<p>Verkkokauppamme laskee automaattisesti parhaat toimitusreitit, hinnat ja k\u00e4sittelij\u00e4t, jotta saat julisteesi tai tulostimesi nopeasti ja edullisesti. L\u00e4het\u00e4mme tilaukset yleens\u00e4 48 tunnin kuluessa, ja valitsemistasi toimitusvaihtoehdoista riippuen saat ne 3-5 ty\u00f6p\u00e4iv\u00e4n kuluessa.&nbsp;<\/p>","protected":false},"excerpt":{"rendered":"<p>Payments We offer over a dozen payment options to ensure you can pay via a method that suits your needs. All payments are processed securely by a third-party payment provider, and are protected by encryption. Should you return any of your order and are due a refund, we will refund the value of your order [&hellip;]<\/p>\n","protected":false},"author":1,"featured_media":0,"parent":0,"menu_order":0,"comment_status":"closed","ping_status":"closed","template":"","meta":{"_uag_custom_page_level_css":"","site-sidebar-layout":"default","site-content-layout":"","ast-site-content-layout":"default","site-content-style":"default","site-sidebar-style":"default","ast-global-header-display":"","ast-banner-title-visibility":"","ast-main-header-display":"","ast-hfb-above-header-display":"","ast-hfb-below-header-display":"","ast-hfb-mobile-header-display":"","site-post-title":"","ast-breadcrumbs-content":"","ast-featured-img":"","footer-sml-layout":"","ast-disable-related-posts":"","theme-transparent-header-meta":"","adv-header-id-meta":"","stick-header-meta":"","header-above-stick-meta":"","header-main-stick-meta":"","header-below-stick-meta":"","astra-migrate-meta-layouts":"set","ast-page-background-enabled":"default","ast-page-background-meta":{"desktop":{"background-color":"","background-image":"","background-repeat":"repeat","background-position":"center center","background-size":"auto","background-attachment":"scroll","background-type":"","background-media":"","overlay-type":"","overlay-color":"","overlay-opacity":"","overlay-gradient":""},"tablet":{"background-color":"","background-image":"","background-repeat":"repeat","background-position":"center center","background-size":"auto","background-attachment":"scroll","background-type":"","background-media":"","overlay-type":"","overlay-color":"","overlay-opacity":"","overlay-gradient":""},"mobile":{"background-color":"","background-image":"","background-repeat":"repeat","background-position":"center center","background-size":"auto","background-attachment":"scroll","background-type":"","background-media":"","overlay-type":"","overlay-color":"","overlay-opacity":"","overlay-gradient":""}},"ast-content-background-meta":{"desktop":{"background-color":"var(--ast-global-color-5)","background-image":"","background-repeat":"repeat","background-position":"center center","background-size":"auto","background-attachment":"scroll","background-type":"","background-media":"","overlay-type":"","overlay-color":"","overlay-opacity":"","overlay-gradient":""},"tablet":{"background-color":"var(--ast-global-color-5)","background-image":"","background-repeat":"repeat","background-position":"center center","background-size":"auto","background-attachment":"scroll","background-type":"","background-media":"","overlay-type":"","overlay-color":"","overlay-opacity":"","overlay-gradient":""},"mobile":{"background-color":"var(--ast-global-color-5)","background-image":"","background-repeat":"repeat","background-position":"center center","background-size":"auto","background-attachment":"scroll","background-type":"","background-media":"","overlay-type":"","overlay-color":"","overlay-opacity":"","overlay-gradient":""}},"footnotes":""},"class_list":["post-4354","page","type-page","status-publish","hentry"],"yoast_head":"<!-- This site is optimized with the Yoast SEO plugin v27.1.1 - https:\/\/yoast.com\/product\/yoast-seo-wordpress\/ -->\n<title>Payments &amp; Delivery - baxne<\/title>\n<meta name=\"robots\" content=\"index, follow, max-snippet:-1, max-image-preview:large, max-video-preview:-1\" \/>\n<link rel=\"canonical\" href=\"https:\/\/baxne.com\/fi\/maksut-toimitus\/\" \/>\n<meta property=\"og:locale\" content=\"fi_FI\" \/>\n<meta property=\"og:type\" content=\"article\" \/>\n<meta property=\"og:title\" content=\"Payments &amp; Delivery - baxne\" \/>\n<meta property=\"og:description\" content=\"Payments We offer over a dozen payment options to ensure you can pay via a method that suits your needs. All payments are processed securely by a third-party payment provider, and are protected by encryption. Should you return any of your order and are due a refund, we will refund the value of your order [&hellip;]\" \/>\n<meta property=\"og:url\" content=\"https:\/\/baxne.com\/fi\/maksut-toimitus\/\" \/>\n<meta property=\"og:site_name\" content=\"baxne\" \/>\n<meta property=\"article:modified_time\" content=\"2024-07-04T08:05:29+00:00\" \/>\n<meta property=\"og:image\" content=\"https:\/\/baxne.com\/wp-content\/uploads\/2024\/06\/logo-4.png\" \/>\n\t<meta property=\"og:image:width\" content=\"1065\" \/>\n\t<meta property=\"og:image:height\" content=\"268\" \/>\n\t<meta property=\"og:image:type\" content=\"image\/png\" \/>\n<meta name=\"twitter:card\" content=\"summary_large_image\" \/>\n<meta name=\"twitter:label1\" content=\"Arvioitu lukuaika\" \/>\n\t<meta name=\"twitter:data1\" content=\"1 minuutti\" \/>\n<script type=\"application\/ld+json\" class=\"yoast-schema-graph\">{\"@context\":\"https:\/\/schema.org\",\"@graph\":[{\"@type\":\"WebPage\",\"@id\":\"https:\/\/baxne.com\/payments-delivery\/\",\"url\":\"https:\/\/baxne.com\/payments-delivery\/\",\"name\":\"Payments &amp; Delivery - baxne\",\"isPartOf\":{\"@id\":\"https:\/\/baxne.com\/#website\"},\"datePublished\":\"2024-07-04T08:05:26+00:00\",\"dateModified\":\"2024-07-04T08:05:29+00:00\",\"breadcrumb\":{\"@id\":\"https:\/\/baxne.com\/payments-delivery\/#breadcrumb\"},\"inLanguage\":\"fi\",\"potentialAction\":[{\"@type\":\"ReadAction\",\"target\":[\"https:\/\/baxne.com\/payments-delivery\/\"]}]},{\"@type\":\"BreadcrumbList\",\"@id\":\"https:\/\/baxne.com\/payments-delivery\/#breadcrumb\",\"itemListElement\":[{\"@type\":\"ListItem\",\"position\":1,\"name\":\"\u9996\u9875\",\"item\":\"https:\/\/baxne.com\/\"},{\"@type\":\"ListItem\",\"position\":2,\"name\":\"Payments &amp; Delivery\"}]},{\"@type\":\"WebSite\",\"@id\":\"https:\/\/baxne.com\/#website\",\"url\":\"https:\/\/baxne.com\/\",\"name\":\"baxne.com\",\"description\":\"\",\"publisher\":{\"@id\":\"https:\/\/baxne.com\/#organization\"},\"potentialAction\":[{\"@type\":\"SearchAction\",\"target\":{\"@type\":\"EntryPoint\",\"urlTemplate\":\"https:\/\/baxne.com\/?s={search_term_string}\"},\"query-input\":{\"@type\":\"PropertyValueSpecification\",\"valueRequired\":true,\"valueName\":\"search_term_string\"}}],\"inLanguage\":\"fi\"},{\"@type\":\"Organization\",\"@id\":\"https:\/\/baxne.com\/#organization\",\"name\":\"baxne.com\",\"url\":\"https:\/\/baxne.com\/\",\"logo\":{\"@type\":\"ImageObject\",\"inLanguage\":\"fi\",\"@id\":\"https:\/\/baxne.com\/#\/schema\/logo\/image\/\",\"url\":\"https:\/\/baxne.com\/wp-content\/uploads\/2024\/06\/logo-1.png\",\"contentUrl\":\"https:\/\/baxne.com\/wp-content\/uploads\/2024\/06\/logo-1.png\",\"width\":1065,\"height\":268,\"caption\":\"baxne.com\"},\"image\":{\"@id\":\"https:\/\/baxne.com\/#\/schema\/logo\/image\/\"}}]}<\/script>\n<!-- \/ Yoast SEO plugin. -->","yoast_head_json":{"title":"Maksut ja toimitus - baxne","robots":{"index":"index","follow":"follow","max-snippet":"max-snippet:-1","max-image-preview":"max-image-preview:large","max-video-preview":"max-video-preview:-1"},"canonical":"https:\/\/baxne.com\/fi\/maksut-toimitus\/","og_locale":"fi_FI","og_type":"article","og_title":"Payments &amp; Delivery - baxne","og_description":"Payments We offer over a dozen payment options to ensure you can pay via a method that suits your needs. All payments are processed securely by a third-party payment provider, and are protected by encryption. Should you return any of your order and are due a refund, we will refund the value of your order [&hellip;]","og_url":"https:\/\/baxne.com\/fi\/maksut-toimitus\/","og_site_name":"baxne","article_modified_time":"2024-07-04T08:05:29+00:00","og_image":[{"width":1065,"height":268,"url":"https:\/\/baxne.com\/wp-content\/uploads\/2024\/06\/logo-4.png","type":"image\/png"}],"twitter_card":"summary_large_image","twitter_misc":{"Arvioitu lukuaika":"1 minuutti"},"schema":{"@context":"https:\/\/schema.org","@graph":[{"@type":"WebPage","@id":"https:\/\/baxne.com\/payments-delivery\/","url":"https:\/\/baxne.com\/payments-delivery\/","name":"Maksut ja toimitus - baxne","isPartOf":{"@id":"https:\/\/baxne.com\/#website"},"datePublished":"2024-07-04T08:05:26+00:00","dateModified":"2024-07-04T08:05:29+00:00","breadcrumb":{"@id":"https:\/\/baxne.com\/payments-delivery\/#breadcrumb"},"inLanguage":"fi","potentialAction":[{"@type":"ReadAction","target":["https:\/\/baxne.com\/payments-delivery\/"]}]},{"@type":"BreadcrumbList","@id":"https:\/\/baxne.com\/payments-delivery\/#breadcrumb","itemListElement":[{"@type":"ListItem","position":1,"name":"\u9996\u9875","item":"https:\/\/baxne.com\/"},{"@type":"ListItem","position":2,"name":"Payments &amp; Delivery"}]},{"@type":"WebSite","@id":"https:\/\/baxne.com\/#website","url":"https:\/\/baxne.com\/","name":"baxne.com","description":"","publisher":{"@id":"https:\/\/baxne.com\/#organization"},"potentialAction":[{"@type":"SearchAction","target":{"@type":"EntryPoint","urlTemplate":"https:\/\/baxne.com\/?s={search_term_string}"},"query-input":{"@type":"PropertyValueSpecification","valueRequired":true,"valueName":"search_term_string"}}],"inLanguage":"fi"},{"@type":"Organization","@id":"https:\/\/baxne.com\/#organization","name":"baxne.com","url":"https:\/\/baxne.com\/","logo":{"@type":"ImageObject","inLanguage":"fi","@id":"https:\/\/baxne.com\/#\/schema\/logo\/image\/","url":"https:\/\/baxne.com\/wp-content\/uploads\/2024\/06\/logo-1.png","contentUrl":"https:\/\/baxne.com\/wp-content\/uploads\/2024\/06\/logo-1.png","width":1065,"height":268,"caption":"baxne.com"},"image":{"@id":"https:\/\/baxne.com\/#\/schema\/logo\/image\/"}}]}},"_hostinger_reach_plugin_has_subscription_block":false,"_hostinger_reach_plugin_is_elementor":false,"uagb_featured_image_src":{"full":false,"thumbnail":false,"medium":false,"medium_large":false,"large":false,"1536x1536":false,"2048x2048":false,"trp-custom-language-flag":false,"woocommerce_thumbnail":false,"woocommerce_single":false,"woocommerce_gallery_thumbnail":false},"uagb_author_info":{"display_name":"tianke1223@gmail.com","author_link":"https:\/\/baxne.com\/fi\/author\/tianke1223gmail-com\/"},"uagb_comment_info":0,"uagb_excerpt":"Payments We offer over a dozen payment options to ensure you can pay via a method that suits your needs. All payments are processed securely by a third-party payment provider, and are protected by encryption. Should you return any of your order and are due a refund, we will refund the value of your order&hellip;","jetpack_sharing_enabled":true,"_links":{"self":[{"href":"https:\/\/baxne.com\/fi\/wp-json\/wp\/v2\/pages\/4354","targetHints":{"allow":["GET"]}}],"collection":[{"href":"https:\/\/baxne.com\/fi\/wp-json\/wp\/v2\/pages"}],"about":[{"href":"https:\/\/baxne.com\/fi\/wp-json\/wp\/v2\/types\/page"}],"author":[{"embeddable":true,"href":"https:\/\/baxne.com\/fi\/wp-json\/wp\/v2\/users\/1"}],"replies":[{"embeddable":true,"href":"https:\/\/baxne.com\/fi\/wp-json\/wp\/v2\/comments?post=4354"}],"version-history":[{"count":1,"href":"https:\/\/baxne.com\/fi\/wp-json\/wp\/v2\/pages\/4354\/revisions"}],"predecessor-version":[{"id":4355,"href":"https:\/\/baxne.com\/fi\/wp-json\/wp\/v2\/pages\/4354\/revisions\/4355"}],"wp:attachment":[{"href":"https:\/\/baxne.com\/fi\/wp-json\/wp\/v2\/media?parent=4354"}],"curies":[{"name":"wp","href":"https:\/\/api.w.org\/{rel}","templated":true}]}}