{"id":1218,"date":"2024-06-17T16:13:09","date_gmt":"2024-06-17T08:13:09","guid":{"rendered":"https:\/\/baxne.com\/store\/"},"modified":"2024-06-29T15:52:35","modified_gmt":"2024-06-29T07:52:35","slug":"store","status":"publish","type":"page","link":"https:\/\/baxne.com\/fr\/magasin\/","title":{"rendered":"Magasin"},"content":{"rendered":"","protected":false},"excerpt":{"rendered":"","protected":false},"author":1,"featured_media":0,"parent":0,"menu_order":0,"comment_status":"closed","ping_status":"closed","template":"","meta":{"_uag_custom_page_level_css":"","site-sidebar-layout":"default","site-content-layout":"default","ast-site-content-layout":"default","site-content-style":"default","site-sidebar-style":"default","ast-global-header-display":"","ast-banner-title-visibility":"","ast-main-header-display":"","ast-hfb-above-header-display":"","ast-hfb-below-header-display":"","ast-hfb-mobile-header-display":"","site-post-title":"disabled","ast-breadcrumbs-content":"","ast-featured-img":"","footer-sml-layout":"","ast-disable-related-posts":"","theme-transparent-header-meta":"default","adv-header-id-meta":"","stick-header-meta":"","header-above-stick-meta":"","header-main-stick-meta":"","header-below-stick-meta":"","astra-migrate-meta-layouts":"set","ast-page-background-enabled":"default","ast-page-background-meta":{"desktop":{"background-color":"","background-image":"","background-repeat":"repeat","background-position":"center center","background-size":"auto","background-attachment":"scroll","background-type":"","background-media":"","overlay-type":"","overlay-color":"","overlay-opacity":"","overlay-gradient":""},"tablet":{"background-color":"","background-image":"","background-repeat":"repeat","background-position":"center center","background-size":"auto","background-attachment":"scroll","background-type":"","background-media":"","overlay-type":"","overlay-color":"","overlay-opacity":"","overlay-gradient":""},"mobile":{"background-color":"","background-image":"","background-repeat":"repeat","background-position":"center center","background-size":"auto","background-attachment":"scroll","background-type":"","background-media":"","overlay-type":"","overlay-color":"","overlay-opacity":"","overlay-gradient":""}},"ast-content-background-meta":{"desktop":{"background-color":"var(--ast-global-color-5)","background-image":"","background-repeat":"repeat","background-position":"center center","background-size":"auto","background-attachment":"scroll","background-type":"","background-media":"","overlay-type":"","overlay-color":"","overlay-opacity":"","overlay-gradient":""},"tablet":{"background-color":"var(--ast-global-color-5)","background-image":"","background-repeat":"repeat","background-position":"center center","background-size":"auto","background-attachment":"scroll","background-type":"","background-media":"","overlay-type":"","overlay-color":"","overlay-opacity":"","overlay-gradient":""},"mobile":{"background-color":"var(--ast-global-color-5)","background-image":"","background-repeat":"repeat","background-position":"center center","background-size":"auto","background-attachment":"scroll","background-type":"","background-media":"","overlay-type":"","overlay-color":"","overlay-opacity":"","overlay-gradient":""}},"footnotes":""},"class_list":["post-1218","page","type-page","status-publish","hentry"],"yoast_head":"<!-- This site is optimized with the Yoast SEO plugin v27.4 - https:\/\/yoast.com\/product\/yoast-seo-wordpress\/ -->\n<title>Buy Compression Socks Panties Insulin Pen Online | Baxne<\/title>\n<meta name=\"description\" content=\"Shop the best compression socks,panties,and insulin pen at our online store.Find high-quality items for improved health and comfort.Shop now!\" \/>\n<meta name=\"robots\" content=\"index, follow, max-snippet:-1, max-image-preview:large, max-video-preview:-1\" \/>\n<link rel=\"canonical\" href=\"https:\/\/baxne.com\/fr\/magasin\/\" \/>\n<meta property=\"og:locale\" content=\"fr_FR\" \/>\n<meta property=\"og:type\" content=\"article\" \/>\n<meta property=\"og:title\" content=\"Buy Compression Socks Panties Insulin Pen Online | Baxne\" \/>\n<meta property=\"og:description\" content=\"Shop the best compression socks,panties,and insulin pen at our online store.Find high-quality items for improved health and comfort.Shop now!\" \/>\n<meta property=\"og:url\" content=\"https:\/\/baxne.com\/fr\/magasin\/\" \/>\n<meta property=\"og:site_name\" content=\"baxne\" \/>\n<meta property=\"article:modified_time\" content=\"2024-06-29T07:52:35+00:00\" \/>\n<meta property=\"og:image\" content=\"https:\/\/baxne.com\/wp-content\/uploads\/2024\/06\/logo-4.png\" \/>\n\t<meta property=\"og:image:width\" content=\"1065\" \/>\n\t<meta property=\"og:image:height\" content=\"268\" \/>\n\t<meta property=\"og:image:type\" content=\"image\/png\" \/>\n<meta name=\"twitter:card\" content=\"summary_large_image\" \/>\n<script type=\"application\/ld+json\" class=\"yoast-schema-graph\">{\"@context\":\"https:\\\/\\\/schema.org\",\"@graph\":[{\"@type\":\"WebPage\",\"@id\":\"https:\\\/\\\/baxne.com\\\/store\\\/\",\"url\":\"https:\\\/\\\/baxne.com\\\/store\\\/\",\"name\":\"Buy Compression Socks Panties Insulin Pen Online | Baxne\",\"isPartOf\":{\"@id\":\"https:\\\/\\\/baxne.com\\\/#website\"},\"datePublished\":\"2024-06-17T08:13:09+00:00\",\"dateModified\":\"2024-06-29T07:52:35+00:00\",\"description\":\"Shop the best compression socks,panties,and insulin pen at our online store.Find high-quality items for improved health and comfort.Shop now!\",\"breadcrumb\":{\"@id\":\"https:\\\/\\\/baxne.com\\\/store\\\/#breadcrumb\"},\"inLanguage\":\"fr-FR\",\"potentialAction\":[{\"@type\":\"ReadAction\",\"target\":[\"https:\\\/\\\/baxne.com\\\/store\\\/\"]}]},{\"@type\":\"BreadcrumbList\",\"@id\":\"https:\\\/\\\/baxne.com\\\/store\\\/#breadcrumb\",\"itemListElement\":[{\"@type\":\"ListItem\",\"position\":1,\"name\":\"\u9996\u9875\",\"item\":\"https:\\\/\\\/baxne.com\\\/\"},{\"@type\":\"ListItem\",\"position\":2,\"name\":\"Store\"}]},{\"@type\":\"WebSite\",\"@id\":\"https:\\\/\\\/baxne.com\\\/#website\",\"url\":\"https:\\\/\\\/baxne.com\\\/\",\"name\":\"baxne.com\",\"description\":\"\",\"publisher\":{\"@id\":\"https:\\\/\\\/baxne.com\\\/#organization\"},\"potentialAction\":[{\"@type\":\"SearchAction\",\"target\":{\"@type\":\"EntryPoint\",\"urlTemplate\":\"https:\\\/\\\/baxne.com\\\/?s={search_term_string}\"},\"query-input\":{\"@type\":\"PropertyValueSpecification\",\"valueRequired\":true,\"valueName\":\"search_term_string\"}}],\"inLanguage\":\"fr-FR\"},{\"@type\":\"Organization\",\"@id\":\"https:\\\/\\\/baxne.com\\\/#organization\",\"name\":\"baxne.com\",\"url\":\"https:\\\/\\\/baxne.com\\\/\",\"logo\":{\"@type\":\"ImageObject\",\"inLanguage\":\"fr-FR\",\"@id\":\"https:\\\/\\\/baxne.com\\\/#\\\/schema\\\/logo\\\/image\\\/\",\"url\":\"https:\\\/\\\/baxne.com\\\/wp-content\\\/uploads\\\/2024\\\/06\\\/logo-1.png\",\"contentUrl\":\"https:\\\/\\\/baxne.com\\\/wp-content\\\/uploads\\\/2024\\\/06\\\/logo-1.png\",\"width\":1065,\"height\":268,\"caption\":\"baxne.com\"},\"image\":{\"@id\":\"https:\\\/\\\/baxne.com\\\/#\\\/schema\\\/logo\\\/image\\\/\"}}]}<\/script>\n<!-- \/ Yoast SEO plugin. -->","yoast_head_json":{"title":"Acheter Chaussettes de Compression Culotte Stylo \u00e0 Insuline en ligne | Baxne","description":"Les chaussettes de compression, les culottes et les stylos \u00e0 insuline sont les meilleurs sur notre boutique en ligne.Trouvez des articles de haute qualit\u00e9 pour am\u00e9liorer votre sant\u00e9 et votre confort.Magasinez maintenant !","robots":{"index":"index","follow":"follow","max-snippet":"max-snippet:-1","max-image-preview":"max-image-preview:large","max-video-preview":"max-video-preview:-1"},"canonical":"https:\/\/baxne.com\/fr\/magasin\/","og_locale":"fr_FR","og_type":"article","og_title":"Buy Compression Socks Panties Insulin Pen Online | Baxne","og_description":"Shop the best compression socks,panties,and insulin pen at our online store.Find high-quality items for improved health and comfort.Shop now!","og_url":"https:\/\/baxne.com\/fr\/magasin\/","og_site_name":"baxne","article_modified_time":"2024-06-29T07:52:35+00:00","og_image":[{"width":1065,"height":268,"url":"https:\/\/baxne.com\/wp-content\/uploads\/2024\/06\/logo-4.png","type":"image\/png"}],"twitter_card":"summary_large_image","schema":{"@context":"https:\/\/schema.org","@graph":[{"@type":"WebPage","@id":"https:\/\/baxne.com\/store\/","url":"https:\/\/baxne.com\/store\/","name":"Acheter Chaussettes de Compression Culotte Stylo \u00e0 Insuline en ligne | Baxne","isPartOf":{"@id":"https:\/\/baxne.com\/#website"},"datePublished":"2024-06-17T08:13:09+00:00","dateModified":"2024-06-29T07:52:35+00:00","description":"Les chaussettes de compression, les culottes et les stylos \u00e0 insuline sont les meilleurs sur notre boutique en ligne.Trouvez des articles de haute qualit\u00e9 pour am\u00e9liorer votre sant\u00e9 et votre confort.Magasinez maintenant !","breadcrumb":{"@id":"https:\/\/baxne.com\/store\/#breadcrumb"},"inLanguage":"fr-FR","potentialAction":[{"@type":"ReadAction","target":["https:\/\/baxne.com\/store\/"]}]},{"@type":"BreadcrumbList","@id":"https:\/\/baxne.com\/store\/#breadcrumb","itemListElement":[{"@type":"ListItem","position":1,"name":"\u9996\u9875","item":"https:\/\/baxne.com\/"},{"@type":"ListItem","position":2,"name":"Store"}]},{"@type":"WebSite","@id":"https:\/\/baxne.com\/#website","url":"https:\/\/baxne.com\/","name":"baxne.com","description":"","publisher":{"@id":"https:\/\/baxne.com\/#organization"},"potentialAction":[{"@type":"SearchAction","target":{"@type":"EntryPoint","urlTemplate":"https:\/\/baxne.com\/?s={search_term_string}"},"query-input":{"@type":"PropertyValueSpecification","valueRequired":true,"valueName":"search_term_string"}}],"inLanguage":"fr-FR"},{"@type":"Organization","@id":"https:\/\/baxne.com\/#organization","name":"baxne.com","url":"https:\/\/baxne.com\/","logo":{"@type":"ImageObject","inLanguage":"fr-FR","@id":"https:\/\/baxne.com\/#\/schema\/logo\/image\/","url":"https:\/\/baxne.com\/wp-content\/uploads\/2024\/06\/logo-1.png","contentUrl":"https:\/\/baxne.com\/wp-content\/uploads\/2024\/06\/logo-1.png","width":1065,"height":268,"caption":"baxne.com"},"image":{"@id":"https:\/\/baxne.com\/#\/schema\/logo\/image\/"}}]}},"_hostinger_reach_plugin_has_subscription_block":false,"_hostinger_reach_plugin_is_elementor":false,"uagb_featured_image_src":{"full":false,"thumbnail":false,"medium":false,"medium_large":false,"large":false,"1536x1536":false,"2048x2048":false,"trp-custom-language-flag":false,"woocommerce_thumbnail":false,"woocommerce_single":false,"woocommerce_gallery_thumbnail":false},"uagb_author_info":{"display_name":"tianke1223@gmail.com","author_link":"https:\/\/baxne.com\/fr\/author\/tianke1223gmail-com\/"},"uagb_comment_info":0,"uagb_excerpt":null,"jetpack_sharing_enabled":true,"_links":{"self":[{"href":"https:\/\/baxne.com\/fr\/wp-json\/wp\/v2\/pages\/1218","targetHints":{"allow":["GET"]}}],"collection":[{"href":"https:\/\/baxne.com\/fr\/wp-json\/wp\/v2\/pages"}],"about":[{"href":"https:\/\/baxne.com\/fr\/wp-json\/wp\/v2\/types\/page"}],"author":[{"embeddable":true,"href":"https:\/\/baxne.com\/fr\/wp-json\/wp\/v2\/users\/1"}],"replies":[{"embeddable":true,"href":"https:\/\/baxne.com\/fr\/wp-json\/wp\/v2\/comments?post=1218"}],"version-history":[{"count":2,"href":"https:\/\/baxne.com\/fr\/wp-json\/wp\/v2\/pages\/1218\/revisions"}],"predecessor-version":[{"id":4254,"href":"https:\/\/baxne.com\/fr\/wp-json\/wp\/v2\/pages\/1218\/revisions\/4254"}],"wp:attachment":[{"href":"https:\/\/baxne.com\/fr\/wp-json\/wp\/v2\/media?parent=1218"}],"curies":[{"name":"wp","href":"https:\/\/api.w.org\/{rel}","templated":true}]}}