{"id":1220,"date":"2024-06-17T16:13:09","date_gmt":"2024-06-17T08:13:09","guid":{"rendered":"https:\/\/baxne.com\/cart\/"},"modified":"2024-07-02T22:28:06","modified_gmt":"2024-07-02T14:28:06","slug":"cart","status":"publish","type":"page","link":"https:\/\/baxne.com\/fr\/chariot\/","title":{"rendered":"Chariot"},"content":{"rendered":"<div class=\"wp-block-group alignfull\"><div class=\"wp-block-group__inner-container is-layout-flow wp-block-group-is-layout-flow\">\n<h1 class=\"has-text-align-center wp-block-heading\">Chariot<\/h1>\n\n\n\n<\/div><\/div>","protected":false},"excerpt":{"rendered":"<p>Chariot<\/p>","protected":false},"author":1,"featured_media":0,"parent":0,"menu_order":0,"comment_status":"closed","ping_status":"closed","template":"","meta":{"_uag_custom_page_level_css":"","site-sidebar-layout":"no-sidebar","site-content-layout":"plain-container","ast-site-content-layout":"normal-width-container","site-content-style":"unboxed","site-sidebar-style":"unboxed","ast-global-header-display":"","ast-banner-title-visibility":"","ast-main-header-display":"","ast-hfb-above-header-display":"","ast-hfb-below-header-display":"","ast-hfb-mobile-header-display":"","site-post-title":"disabled","ast-breadcrumbs-content":"","ast-featured-img":"","footer-sml-layout":"","ast-disable-related-posts":"","theme-transparent-header-meta":"disabled","adv-header-id-meta":"","stick-header-meta":"","header-above-stick-meta":"","header-main-stick-meta":"","header-below-stick-meta":"","astra-migrate-meta-layouts":"set","ast-page-background-enabled":"default","ast-page-background-meta":{"desktop":{"background-color":"","background-image":"","background-repeat":"repeat","background-position":"center center","background-size":"auto","background-attachment":"scroll","background-type":"","background-media":"","overlay-type":"","overlay-color":"","overlay-opacity":"","overlay-gradient":""},"tablet":{"background-color":"","background-image":"","background-repeat":"repeat","background-position":"center center","background-size":"auto","background-attachment":"scroll","background-type":"","background-media":"","overlay-type":"","overlay-color":"","overlay-opacity":"","overlay-gradient":""},"mobile":{"background-color":"","background-image":"","background-repeat":"repeat","background-position":"center center","background-size":"auto","background-attachment":"scroll","background-type":"","background-media":"","overlay-type":"","overlay-color":"","overlay-opacity":"","overlay-gradient":""}},"ast-content-background-meta":{"desktop":{"background-color":"var(--ast-global-color-5)","background-image":"","background-repeat":"repeat","background-position":"center center","background-size":"auto","background-attachment":"scroll","background-type":"","background-media":"","overlay-type":"","overlay-color":"","overlay-opacity":"","overlay-gradient":""},"tablet":{"background-color":"var(--ast-global-color-5)","background-image":"","background-repeat":"repeat","background-position":"center center","background-size":"auto","background-attachment":"scroll","background-type":"","background-media":"","overlay-type":"","overlay-color":"","overlay-opacity":"","overlay-gradient":""},"mobile":{"background-color":"var(--ast-global-color-5)","background-image":"","background-repeat":"repeat","background-position":"center center","background-size":"auto","background-attachment":"scroll","background-type":"","background-media":"","overlay-type":"","overlay-color":"","overlay-opacity":"","overlay-gradient":""}},"footnotes":""},"class_list":["post-1220","page","type-page","status-publish","hentry"],"yoast_head":"<!-- This site is optimized with the Yoast SEO plugin v27.1.1 - https:\/\/yoast.com\/product\/yoast-seo-wordpress\/ -->\n<title>Your Cart - Compression Socks, Panties, Insulin Pens &amp; More<\/title>\n<meta name=\"description\" content=\"Review your cart for compression socks, stockings, sleeves, pantyhose, panties, thongs, period underwear, and reusable insulin pens for sale.\" \/>\n<meta name=\"robots\" content=\"index, follow, max-snippet:-1, max-image-preview:large, max-video-preview:-1\" \/>\n<link rel=\"canonical\" href=\"https:\/\/baxne.com\/fr\/chariot\/\" \/>\n<meta property=\"og:locale\" content=\"fr_FR\" \/>\n<meta property=\"og:type\" content=\"article\" \/>\n<meta property=\"og:title\" content=\"Your Cart - Compression Socks, Panties, Insulin Pens &amp; More\" \/>\n<meta property=\"og:description\" content=\"Review your cart for compression socks, stockings, sleeves, pantyhose, panties, thongs, period underwear, and reusable insulin pens for sale.\" \/>\n<meta property=\"og:url\" content=\"https:\/\/baxne.com\/fr\/chariot\/\" \/>\n<meta property=\"og:site_name\" content=\"baxne\" \/>\n<meta property=\"article:modified_time\" content=\"2024-07-02T14:28:06+00:00\" \/>\n<meta property=\"og:image\" content=\"https:\/\/baxne.com\/wp-content\/uploads\/2024\/06\/logo-4.png\" \/>\n\t<meta property=\"og:image:width\" content=\"1065\" \/>\n\t<meta property=\"og:image:height\" content=\"268\" \/>\n\t<meta property=\"og:image:type\" content=\"image\/png\" \/>\n<meta name=\"twitter:card\" content=\"summary_large_image\" \/>\n<meta name=\"twitter:label1\" content=\"Dur\u00e9e de lecture estim\u00e9e\" \/>\n\t<meta name=\"twitter:data1\" content=\"1 minute\" \/>\n<script type=\"application\/ld+json\" class=\"yoast-schema-graph\">{\"@context\":\"https:\/\/schema.org\",\"@graph\":[{\"@type\":\"WebPage\",\"@id\":\"https:\/\/baxne.com\/cart\/\",\"url\":\"https:\/\/baxne.com\/cart\/\",\"name\":\"Your Cart - Compression Socks, Panties, Insulin Pens & More\",\"isPartOf\":{\"@id\":\"https:\/\/baxne.com\/#website\"},\"datePublished\":\"2024-06-17T08:13:09+00:00\",\"dateModified\":\"2024-07-02T14:28:06+00:00\",\"description\":\"Review your cart for compression socks, stockings, sleeves, pantyhose, panties, thongs, period underwear, and reusable insulin pens for sale.\",\"breadcrumb\":{\"@id\":\"https:\/\/baxne.com\/cart\/#breadcrumb\"},\"inLanguage\":\"fr-FR\",\"potentialAction\":[{\"@type\":\"ReadAction\",\"target\":[\"https:\/\/baxne.com\/cart\/\"]}]},{\"@type\":\"BreadcrumbList\",\"@id\":\"https:\/\/baxne.com\/cart\/#breadcrumb\",\"itemListElement\":[{\"@type\":\"ListItem\",\"position\":1,\"name\":\"\u9996\u9875\",\"item\":\"https:\/\/baxne.com\/\"},{\"@type\":\"ListItem\",\"position\":2,\"name\":\"Cart\"}]},{\"@type\":\"WebSite\",\"@id\":\"https:\/\/baxne.com\/#website\",\"url\":\"https:\/\/baxne.com\/\",\"name\":\"baxne.com\",\"description\":\"\",\"publisher\":{\"@id\":\"https:\/\/baxne.com\/#organization\"},\"potentialAction\":[{\"@type\":\"SearchAction\",\"target\":{\"@type\":\"EntryPoint\",\"urlTemplate\":\"https:\/\/baxne.com\/?s={search_term_string}\"},\"query-input\":{\"@type\":\"PropertyValueSpecification\",\"valueRequired\":true,\"valueName\":\"search_term_string\"}}],\"inLanguage\":\"fr-FR\"},{\"@type\":\"Organization\",\"@id\":\"https:\/\/baxne.com\/#organization\",\"name\":\"baxne.com\",\"url\":\"https:\/\/baxne.com\/\",\"logo\":{\"@type\":\"ImageObject\",\"inLanguage\":\"fr-FR\",\"@id\":\"https:\/\/baxne.com\/#\/schema\/logo\/image\/\",\"url\":\"https:\/\/baxne.com\/wp-content\/uploads\/2024\/06\/logo-1.png\",\"contentUrl\":\"https:\/\/baxne.com\/wp-content\/uploads\/2024\/06\/logo-1.png\",\"width\":1065,\"height\":268,\"caption\":\"baxne.com\"},\"image\":{\"@id\":\"https:\/\/baxne.com\/#\/schema\/logo\/image\/\"}}]}<\/script>\n<!-- \/ Yoast SEO plugin. -->","yoast_head_json":{"title":"Votre panier - Chaussettes de compression, culottes, stylos \u00e0 insuline et plus encore","description":"V\u00e9rifiez votre panier pour trouver des chaussettes de compression, des bas, des manchons, des collants, des culottes, des strings, des sous-v\u00eatements p\u00e9riodiques et des stylos \u00e0 insuline r\u00e9utilisables en vente.","robots":{"index":"index","follow":"follow","max-snippet":"max-snippet:-1","max-image-preview":"max-image-preview:large","max-video-preview":"max-video-preview:-1"},"canonical":"https:\/\/baxne.com\/fr\/chariot\/","og_locale":"fr_FR","og_type":"article","og_title":"Your Cart - Compression Socks, Panties, Insulin Pens & More","og_description":"Review your cart for compression socks, stockings, sleeves, pantyhose, panties, thongs, period underwear, and reusable insulin pens for sale.","og_url":"https:\/\/baxne.com\/fr\/chariot\/","og_site_name":"baxne","article_modified_time":"2024-07-02T14:28:06+00:00","og_image":[{"width":1065,"height":268,"url":"https:\/\/baxne.com\/wp-content\/uploads\/2024\/06\/logo-4.png","type":"image\/png"}],"twitter_card":"summary_large_image","twitter_misc":{"Dur\u00e9e de lecture estim\u00e9e":"1 minute"},"schema":{"@context":"https:\/\/schema.org","@graph":[{"@type":"WebPage","@id":"https:\/\/baxne.com\/cart\/","url":"https:\/\/baxne.com\/cart\/","name":"Votre panier - Chaussettes de compression, culottes, stylos \u00e0 insuline et plus encore","isPartOf":{"@id":"https:\/\/baxne.com\/#website"},"datePublished":"2024-06-17T08:13:09+00:00","dateModified":"2024-07-02T14:28:06+00:00","description":"V\u00e9rifiez votre panier pour trouver des chaussettes de compression, des bas, des manchons, des collants, des culottes, des strings, des sous-v\u00eatements p\u00e9riodiques et des stylos \u00e0 insuline r\u00e9utilisables en vente.","breadcrumb":{"@id":"https:\/\/baxne.com\/cart\/#breadcrumb"},"inLanguage":"fr-FR","potentialAction":[{"@type":"ReadAction","target":["https:\/\/baxne.com\/cart\/"]}]},{"@type":"BreadcrumbList","@id":"https:\/\/baxne.com\/cart\/#breadcrumb","itemListElement":[{"@type":"ListItem","position":1,"name":"\u9996\u9875","item":"https:\/\/baxne.com\/"},{"@type":"ListItem","position":2,"name":"Cart"}]},{"@type":"WebSite","@id":"https:\/\/baxne.com\/#website","url":"https:\/\/baxne.com\/","name":"baxne.com","description":"","publisher":{"@id":"https:\/\/baxne.com\/#organization"},"potentialAction":[{"@type":"SearchAction","target":{"@type":"EntryPoint","urlTemplate":"https:\/\/baxne.com\/?s={search_term_string}"},"query-input":{"@type":"PropertyValueSpecification","valueRequired":true,"valueName":"search_term_string"}}],"inLanguage":"fr-FR"},{"@type":"Organization","@id":"https:\/\/baxne.com\/#organization","name":"baxne.com","url":"https:\/\/baxne.com\/","logo":{"@type":"ImageObject","inLanguage":"fr-FR","@id":"https:\/\/baxne.com\/#\/schema\/logo\/image\/","url":"https:\/\/baxne.com\/wp-content\/uploads\/2024\/06\/logo-1.png","contentUrl":"https:\/\/baxne.com\/wp-content\/uploads\/2024\/06\/logo-1.png","width":1065,"height":268,"caption":"baxne.com"},"image":{"@id":"https:\/\/baxne.com\/#\/schema\/logo\/image\/"}}]}},"_hostinger_reach_plugin_has_subscription_block":false,"_hostinger_reach_plugin_is_elementor":false,"uagb_featured_image_src":{"full":false,"thumbnail":false,"medium":false,"medium_large":false,"large":false,"1536x1536":false,"2048x2048":false,"trp-custom-language-flag":false,"woocommerce_thumbnail":false,"woocommerce_single":false,"woocommerce_gallery_thumbnail":false},"uagb_author_info":{"display_name":"tianke1223@gmail.com","author_link":"https:\/\/baxne.com\/fr\/author\/tianke1223gmail-com\/"},"uagb_comment_info":0,"uagb_excerpt":"Cart","jetpack_sharing_enabled":true,"_links":{"self":[{"href":"https:\/\/baxne.com\/fr\/wp-json\/wp\/v2\/pages\/1220","targetHints":{"allow":["GET"]}}],"collection":[{"href":"https:\/\/baxne.com\/fr\/wp-json\/wp\/v2\/pages"}],"about":[{"href":"https:\/\/baxne.com\/fr\/wp-json\/wp\/v2\/types\/page"}],"author":[{"embeddable":true,"href":"https:\/\/baxne.com\/fr\/wp-json\/wp\/v2\/users\/1"}],"replies":[{"embeddable":true,"href":"https:\/\/baxne.com\/fr\/wp-json\/wp\/v2\/comments?post=1220"}],"version-history":[{"count":2,"href":"https:\/\/baxne.com\/fr\/wp-json\/wp\/v2\/pages\/1220\/revisions"}],"predecessor-version":[{"id":4298,"href":"https:\/\/baxne.com\/fr\/wp-json\/wp\/v2\/pages\/1220\/revisions\/4298"}],"wp:attachment":[{"href":"https:\/\/baxne.com\/fr\/wp-json\/wp\/v2\/media?parent=1220"}],"curies":[{"name":"wp","href":"https:\/\/api.w.org\/{rel}","templated":true}]}}