{"id":4348,"date":"2024-07-04T15:53:30","date_gmt":"2024-07-04T07:53:30","guid":{"rendered":"https:\/\/baxne.com\/?page_id=4348"},"modified":"2024-07-04T16:01:58","modified_gmt":"2024-07-04T08:01:58","slug":"returns","status":"publish","type":"page","link":"https:\/\/baxne.com\/fr\/retours\/","title":{"rendered":"Retours"},"content":{"rendered":"<h3 class=\"wp-block-heading\">Politique de retour et de remboursement<\/h3>\n\n\n\n<p>Vous avez le droit d'annuler votre commande dans un d\u00e9lai de 30 jours sans avoir \u00e0 justifier votre d\u00e9cision.<\/p>\n\n\n\n<p>Le d\u00e9lai d'annulation d'une commande est de 30 jours \u00e0 compter de la date \u00e0 laquelle vous avez re\u00e7u les marchandises ou \u00e0 laquelle un tiers que vous avez d\u00e9sign\u00e9, qui n'est pas le transporteur, prend possession du produit livr\u00e9.<\/p>\n\n\n\n<p>Pour exercer votre droit de r\u00e9tractation, vous devez nous informer de votre d\u00e9cision au moyen d'une d\u00e9claration claire.<\/p>\n\n\n\n<p>Vous pouvez nous informer de votre d\u00e9cision par e-mail <a target=\"_blank\" href=\"mailto:tianke1223@gmail.com\" rel=\"noreferrer noopener\">tianke1223@gmail.com<\/a><\/p>\n\n\n\n<p>Nous vous rembourserons au plus tard dans les 30 jours \u00e0 compter de la date de r\u00e9ception des marchandises retourn\u00e9es. Nous utiliserons le m\u00eame moyen de paiement que celui que vous avez utilis\u00e9 pour la commande et vous n'aurez pas \u00e0 payer de frais pour ce remboursement.<\/p>\n\n\n\n<h6 class=\"wp-block-heading\">Conditions de retour :<\/h6>\n\n\n\n<p>Pour que les marchandises puissent faire l'objet d'un retour, veuillez vous assurer que<\/p>\n\n\n\n<ul class=\"wp-block-list\">\n<li>Les biens ont \u00e9t\u00e9 achet\u00e9s au cours des 30 derniers jours<\/li>\n\n\n\n<li>Les marchandises sont dans leur emballage d'origine<\/li>\n<\/ul>\n\n\n\n<p>Les produits suivants ne peuvent pas \u00eatre retourn\u00e9s :<\/p>\n\n\n\n<ul class=\"wp-block-list\">\n<li>La fourniture de biens fabriqu\u00e9s selon vos sp\u00e9cifications ou clairement personnalis\u00e9s.<\/li>\n\n\n\n<li>La fourniture de biens qui, de par leur nature, ne peuvent \u00eatre retourn\u00e9s, par exemple des biens qui se d\u00e9t\u00e9riorent rapidement ou dont la date de p\u00e9remption est d\u00e9pass\u00e9e.<\/li>\n\n\n\n<li>La fourniture de biens qui ne peuvent \u00eatre retourn\u00e9s pour des raisons de protection de la sant\u00e9 ou d'hygi\u00e8ne et qui ont \u00e9t\u00e9 descell\u00e9s apr\u00e8s la livraison.<\/li>\n\n\n\n<li>La fourniture de biens qui, apr\u00e8s leur livraison, sont, de par leur nature, indissociablement m\u00e9lang\u00e9s \u00e0 d'autres biens.<\/li>\n<\/ul>\n\n\n\n<p>Nous nous r\u00e9servons le droit de refuser le retour de toute marchandise qui ne r\u00e9pond pas aux conditions de retour ci-dessus, \u00e0 notre seule discr\u00e9tion.<\/p>\n\n\n\n<h6 class=\"wp-block-heading\">Retour des marchandises<\/h6>\n\n\n\n<p>Les frais et les risques li\u00e9s au renvoi des marchandises sont \u00e0 votre charge. Vous devez envoyer les marchandises \u00e0 l'adresse suivante :<\/p>\n\n\n\n<p>Global Center S1, 1137, CHENGDU, CHINE, 610000<\/p>\n\n\n\n<p>Nous ne pouvons \u00eatre tenus responsables des marchandises endommag\u00e9es ou perdues lors du retour. C'est pourquoi nous recommandons d'utiliser un service de courrier assur\u00e9 et suivi. Nous ne sommes pas en mesure d'effectuer un remboursement sans la r\u00e9ception effective des marchandises ou la preuve de la r\u00e9ception de la livraison de retour.<\/p>\n\n\n\n<h6 class=\"wp-block-heading\">Cadeaux :<\/h6>\n\n\n\n<p>Si les produits ont \u00e9t\u00e9 marqu\u00e9s comme cadeau lors de l'achat et exp\u00e9di\u00e9s directement \u00e0 votre domicile, vous recevrez un cr\u00e9dit-cadeau correspondant \u00e0 la valeur de votre retour. D\u00e8s r\u00e9ception du produit retourn\u00e9, un ch\u00e8que-cadeau vous sera envoy\u00e9 par courrier.<\/p>\n\n\n\n<p>Si les marchandises n'ont pas \u00e9t\u00e9 indiqu\u00e9es comme \u00e9tant un cadeau au moment de l'achat, ou si le destinataire du cadeau s'est fait exp\u00e9dier la commande pour vous la remettre plus tard, nous enverrons le remboursement au destinataire du cadeau.<\/p>\n\n\n\n<h6 class=\"wp-block-heading\">Nous contacter<\/h6>\n\n\n\n<p>Si vous avez des questions concernant notre politique de retour et de remboursement, veuillez nous contacter par e-mail <a target=\"_blank\" href=\"mailto:tianke1223@gmail.com\" rel=\"noreferrer noopener\">tianke1223@gmail.com<\/a><\/p>","protected":false},"excerpt":{"rendered":"<p>Returns &amp; Refunds policy You are entitled to cancel your order within 30 days without giving any reason for doing so. The deadline for canceling an order is 30 days from the date you received the goods or on which a third party you have appointed, who is not the carrier, takes possession of the [&hellip;]<\/p>\n","protected":false},"author":1,"featured_media":0,"parent":0,"menu_order":0,"comment_status":"closed","ping_status":"closed","template":"","meta":{"_uag_custom_page_level_css":"","site-sidebar-layout":"default","site-content-layout":"","ast-site-content-layout":"default","site-content-style":"default","site-sidebar-style":"default","ast-global-header-display":"","ast-banner-title-visibility":"","ast-main-header-display":"","ast-hfb-above-header-display":"","ast-hfb-below-header-display":"","ast-hfb-mobile-header-display":"","site-post-title":"","ast-breadcrumbs-content":"","ast-featured-img":"","footer-sml-layout":"","ast-disable-related-posts":"","theme-transparent-header-meta":"","adv-header-id-meta":"","stick-header-meta":"","header-above-stick-meta":"","header-main-stick-meta":"","header-below-stick-meta":"","astra-migrate-meta-layouts":"set","ast-page-background-enabled":"default","ast-page-background-meta":{"desktop":{"background-color":"","background-image":"","background-repeat":"repeat","background-position":"center center","background-size":"auto","background-attachment":"scroll","background-type":"","background-media":"","overlay-type":"","overlay-color":"","overlay-opacity":"","overlay-gradient":""},"tablet":{"background-color":"","background-image":"","background-repeat":"repeat","background-position":"center center","background-size":"auto","background-attachment":"scroll","background-type":"","background-media":"","overlay-type":"","overlay-color":"","overlay-opacity":"","overlay-gradient":""},"mobile":{"background-color":"","background-image":"","background-repeat":"repeat","background-position":"center center","background-size":"auto","background-attachment":"scroll","background-type":"","background-media":"","overlay-type":"","overlay-color":"","overlay-opacity":"","overlay-gradient":""}},"ast-content-background-meta":{"desktop":{"background-color":"var(--ast-global-color-5)","background-image":"","background-repeat":"repeat","background-position":"center center","background-size":"auto","background-attachment":"scroll","background-type":"","background-media":"","overlay-type":"","overlay-color":"","overlay-opacity":"","overlay-gradient":""},"tablet":{"background-color":"var(--ast-global-color-5)","background-image":"","background-repeat":"repeat","background-position":"center center","background-size":"auto","background-attachment":"scroll","background-type":"","background-media":"","overlay-type":"","overlay-color":"","overlay-opacity":"","overlay-gradient":""},"mobile":{"background-color":"var(--ast-global-color-5)","background-image":"","background-repeat":"repeat","background-position":"center center","background-size":"auto","background-attachment":"scroll","background-type":"","background-media":"","overlay-type":"","overlay-color":"","overlay-opacity":"","overlay-gradient":""}},"footnotes":""},"class_list":["post-4348","page","type-page","status-publish","hentry"],"yoast_head":"<!-- This site is optimized with the Yoast SEO plugin v27.4 - https:\/\/yoast.com\/product\/yoast-seo-wordpress\/ -->\n<title>Returns - baxne<\/title>\n<meta name=\"robots\" content=\"index, follow, max-snippet:-1, max-image-preview:large, max-video-preview:-1\" \/>\n<link rel=\"canonical\" href=\"https:\/\/baxne.com\/fr\/retours\/\" \/>\n<meta property=\"og:locale\" content=\"fr_FR\" \/>\n<meta property=\"og:type\" content=\"article\" \/>\n<meta property=\"og:title\" content=\"Returns - baxne\" \/>\n<meta property=\"og:description\" content=\"Returns &amp; Refunds policy You are entitled to cancel your order within 30 days without giving any reason for doing so. The deadline for canceling an order is 30 days from the date you received the goods or on which a third party you have appointed, who is not the carrier, takes possession of the [&hellip;]\" \/>\n<meta property=\"og:url\" content=\"https:\/\/baxne.com\/fr\/retours\/\" \/>\n<meta property=\"og:site_name\" content=\"baxne\" \/>\n<meta property=\"article:modified_time\" content=\"2024-07-04T08:01:58+00:00\" \/>\n<meta property=\"og:image\" content=\"https:\/\/baxne.com\/wp-content\/uploads\/2024\/06\/logo-4.png\" \/>\n\t<meta property=\"og:image:width\" content=\"1065\" \/>\n\t<meta property=\"og:image:height\" content=\"268\" \/>\n\t<meta property=\"og:image:type\" content=\"image\/png\" \/>\n<meta name=\"twitter:card\" content=\"summary_large_image\" \/>\n<meta name=\"twitter:label1\" content=\"Dur\u00e9e de lecture estim\u00e9e\" \/>\n\t<meta name=\"twitter:data1\" content=\"3 minutes\" \/>\n<script type=\"application\/ld+json\" class=\"yoast-schema-graph\">{\"@context\":\"https:\\\/\\\/schema.org\",\"@graph\":[{\"@type\":\"WebPage\",\"@id\":\"https:\\\/\\\/baxne.com\\\/returns\\\/\",\"url\":\"https:\\\/\\\/baxne.com\\\/returns\\\/\",\"name\":\"Returns - baxne\",\"isPartOf\":{\"@id\":\"https:\\\/\\\/baxne.com\\\/#website\"},\"datePublished\":\"2024-07-04T07:53:30+00:00\",\"dateModified\":\"2024-07-04T08:01:58+00:00\",\"breadcrumb\":{\"@id\":\"https:\\\/\\\/baxne.com\\\/returns\\\/#breadcrumb\"},\"inLanguage\":\"fr-FR\",\"potentialAction\":[{\"@type\":\"ReadAction\",\"target\":[\"https:\\\/\\\/baxne.com\\\/returns\\\/\"]}]},{\"@type\":\"BreadcrumbList\",\"@id\":\"https:\\\/\\\/baxne.com\\\/returns\\\/#breadcrumb\",\"itemListElement\":[{\"@type\":\"ListItem\",\"position\":1,\"name\":\"\u9996\u9875\",\"item\":\"https:\\\/\\\/baxne.com\\\/\"},{\"@type\":\"ListItem\",\"position\":2,\"name\":\"Returns\"}]},{\"@type\":\"WebSite\",\"@id\":\"https:\\\/\\\/baxne.com\\\/#website\",\"url\":\"https:\\\/\\\/baxne.com\\\/\",\"name\":\"baxne.com\",\"description\":\"\",\"publisher\":{\"@id\":\"https:\\\/\\\/baxne.com\\\/#organization\"},\"potentialAction\":[{\"@type\":\"SearchAction\",\"target\":{\"@type\":\"EntryPoint\",\"urlTemplate\":\"https:\\\/\\\/baxne.com\\\/?s={search_term_string}\"},\"query-input\":{\"@type\":\"PropertyValueSpecification\",\"valueRequired\":true,\"valueName\":\"search_term_string\"}}],\"inLanguage\":\"fr-FR\"},{\"@type\":\"Organization\",\"@id\":\"https:\\\/\\\/baxne.com\\\/#organization\",\"name\":\"baxne.com\",\"url\":\"https:\\\/\\\/baxne.com\\\/\",\"logo\":{\"@type\":\"ImageObject\",\"inLanguage\":\"fr-FR\",\"@id\":\"https:\\\/\\\/baxne.com\\\/#\\\/schema\\\/logo\\\/image\\\/\",\"url\":\"https:\\\/\\\/baxne.com\\\/wp-content\\\/uploads\\\/2024\\\/06\\\/logo-1.png\",\"contentUrl\":\"https:\\\/\\\/baxne.com\\\/wp-content\\\/uploads\\\/2024\\\/06\\\/logo-1.png\",\"width\":1065,\"height\":268,\"caption\":\"baxne.com\"},\"image\":{\"@id\":\"https:\\\/\\\/baxne.com\\\/#\\\/schema\\\/logo\\\/image\\\/\"}}]}<\/script>\n<!-- \/ Yoast SEO plugin. -->","yoast_head_json":{"title":"Retours - baxne","robots":{"index":"index","follow":"follow","max-snippet":"max-snippet:-1","max-image-preview":"max-image-preview:large","max-video-preview":"max-video-preview:-1"},"canonical":"https:\/\/baxne.com\/fr\/retours\/","og_locale":"fr_FR","og_type":"article","og_title":"Returns - baxne","og_description":"Returns &amp; Refunds policy You are entitled to cancel your order within 30 days without giving any reason for doing so. The deadline for canceling an order is 30 days from the date you received the goods or on which a third party you have appointed, who is not the carrier, takes possession of the [&hellip;]","og_url":"https:\/\/baxne.com\/fr\/retours\/","og_site_name":"baxne","article_modified_time":"2024-07-04T08:01:58+00:00","og_image":[{"width":1065,"height":268,"url":"https:\/\/baxne.com\/wp-content\/uploads\/2024\/06\/logo-4.png","type":"image\/png"}],"twitter_card":"summary_large_image","twitter_misc":{"Dur\u00e9e de lecture estim\u00e9e":"3 minutes"},"schema":{"@context":"https:\/\/schema.org","@graph":[{"@type":"WebPage","@id":"https:\/\/baxne.com\/returns\/","url":"https:\/\/baxne.com\/returns\/","name":"Retours - baxne","isPartOf":{"@id":"https:\/\/baxne.com\/#website"},"datePublished":"2024-07-04T07:53:30+00:00","dateModified":"2024-07-04T08:01:58+00:00","breadcrumb":{"@id":"https:\/\/baxne.com\/returns\/#breadcrumb"},"inLanguage":"fr-FR","potentialAction":[{"@type":"ReadAction","target":["https:\/\/baxne.com\/returns\/"]}]},{"@type":"BreadcrumbList","@id":"https:\/\/baxne.com\/returns\/#breadcrumb","itemListElement":[{"@type":"ListItem","position":1,"name":"\u9996\u9875","item":"https:\/\/baxne.com\/"},{"@type":"ListItem","position":2,"name":"Returns"}]},{"@type":"WebSite","@id":"https:\/\/baxne.com\/#website","url":"https:\/\/baxne.com\/","name":"baxne.com","description":"","publisher":{"@id":"https:\/\/baxne.com\/#organization"},"potentialAction":[{"@type":"SearchAction","target":{"@type":"EntryPoint","urlTemplate":"https:\/\/baxne.com\/?s={search_term_string}"},"query-input":{"@type":"PropertyValueSpecification","valueRequired":true,"valueName":"search_term_string"}}],"inLanguage":"fr-FR"},{"@type":"Organization","@id":"https:\/\/baxne.com\/#organization","name":"baxne.com","url":"https:\/\/baxne.com\/","logo":{"@type":"ImageObject","inLanguage":"fr-FR","@id":"https:\/\/baxne.com\/#\/schema\/logo\/image\/","url":"https:\/\/baxne.com\/wp-content\/uploads\/2024\/06\/logo-1.png","contentUrl":"https:\/\/baxne.com\/wp-content\/uploads\/2024\/06\/logo-1.png","width":1065,"height":268,"caption":"baxne.com"},"image":{"@id":"https:\/\/baxne.com\/#\/schema\/logo\/image\/"}}]}},"_hostinger_reach_plugin_has_subscription_block":false,"_hostinger_reach_plugin_is_elementor":false,"uagb_featured_image_src":{"full":false,"thumbnail":false,"medium":false,"medium_large":false,"large":false,"1536x1536":false,"2048x2048":false,"trp-custom-language-flag":false,"woocommerce_thumbnail":false,"woocommerce_single":false,"woocommerce_gallery_thumbnail":false},"uagb_author_info":{"display_name":"tianke1223@gmail.com","author_link":"https:\/\/baxne.com\/fr\/author\/tianke1223gmail-com\/"},"uagb_comment_info":0,"uagb_excerpt":"Returns &amp; Refunds policy You are entitled to cancel your order within 30 days without giving any reason for doing so. The deadline for canceling an order is 30 days from the date you received the goods or on which a third party you have appointed, who is not the carrier, takes possession of the\u2026","jetpack_sharing_enabled":true,"_links":{"self":[{"href":"https:\/\/baxne.com\/fr\/wp-json\/wp\/v2\/pages\/4348","targetHints":{"allow":["GET"]}}],"collection":[{"href":"https:\/\/baxne.com\/fr\/wp-json\/wp\/v2\/pages"}],"about":[{"href":"https:\/\/baxne.com\/fr\/wp-json\/wp\/v2\/types\/page"}],"author":[{"embeddable":true,"href":"https:\/\/baxne.com\/fr\/wp-json\/wp\/v2\/users\/1"}],"replies":[{"embeddable":true,"href":"https:\/\/baxne.com\/fr\/wp-json\/wp\/v2\/comments?post=4348"}],"version-history":[{"count":3,"href":"https:\/\/baxne.com\/fr\/wp-json\/wp\/v2\/pages\/4348\/revisions"}],"predecessor-version":[{"id":4352,"href":"https:\/\/baxne.com\/fr\/wp-json\/wp\/v2\/pages\/4348\/revisions\/4352"}],"wp:attachment":[{"href":"https:\/\/baxne.com\/fr\/wp-json\/wp\/v2\/media?parent=4348"}],"curies":[{"name":"wp","href":"https:\/\/api.w.org\/{rel}","templated":true}]}}