{"id":60,"date":"2024-06-17T16:13:08","date_gmt":"2024-06-17T08:13:08","guid":{"rendered":"https:\/\/baxne.com\/contact-us\/"},"modified":"2024-07-02T22:20:47","modified_gmt":"2024-07-02T14:20:47","slug":"contact-us","status":"publish","type":"page","link":"https:\/\/baxne.com\/tr\/bize-ulasin\/","title":{"rendered":"Bize Ula\u015f\u0131n"},"content":{"rendered":"<div class=\"wp-block-uagb-container uagb-block-4ea82442 alignfull uagb-is-root-container\"><div class=\"uagb-container-inner-blocks-wrap\">\n<div class=\"wp-block-uagb-advanced-heading uagb-block-5cb667a4\"><h1 class=\"uagb-heading-text\">Bize Ula\u015f\u0131n<\/h1><\/div>\n<\/div><\/div>\n\n\n\n<div class=\"wp-block-uagb-container uagb-block-cb631c61 alignfull uagb-is-root-container\"><div class=\"uagb-container-inner-blocks-wrap\">\n<div class=\"wp-block-uagb-info-box uagb-block-e36be1b3 uagb-infobox__content-wrap  uagb-infobox-icon-above-title uagb-infobox-image-valign-top\"><div class=\"uagb-ifb-content\"><div class=\"uagb-ifb-title-wrap\"><h5 class=\"uagb-ifb-title-prefix\">Herhangi bir sorunuz var m\u0131?<\/h5><h2 class=\"uagb-ifb-title\">Yard\u0131m etmek i\u00e7in buraday\u0131z.<\/h2><\/div><div class=\"uagb-ifb-separator\"><\/div><\/div><\/div>\n\n\n\n<div class=\"wp-block-uagb-container uagb-block-8d478d84\">\n<div class=\"wp-block-uagb-container uagb-block-ad318174\">\n<div class=\"wp-block-uagb-advanced-heading uagb-block-803a4c96\"><h3 class=\"uagb-heading-text\">Sat\u0131\u015f<\/h3><p class=\"uagb-desc-text\">Kompresyon \u00e7oraplar\u0131, k\u00fclotlar ve ins\u00fclin kalemleri ile ilgili sat\u0131\u015f sorular\u0131 i\u00e7in bizimle ileti\u015fime ge\u00e7in.<\/p><\/div>\n\n\n\n<div class=\"wp-block-uagb-advanced-heading uagb-block-28c44383\"><h5 class=\"uagb-heading-text\">1037618528@qq.com<\/h5><\/div>\n<\/div>\n\n\n\n<div class=\"wp-block-uagb-container uagb-block-eedc770c\">\n<div class=\"wp-block-uagb-advanced-heading uagb-block-0152d9d2\"><h3 class=\"uagb-heading-text\">\u015eikayetler<\/h3><p class=\"uagb-desc-text\">Kompresyon \u00e7oraplar\u0131m\u0131z, k\u00fclotlar\u0131m\u0131z ve ins\u00fclin kalemlerimizle ilgili \u015fikayetleriniz i\u00e7in bizimle ileti\u015fime ge\u00e7in.<\/p><\/div>\n\n\n\n<div class=\"wp-block-uagb-advanced-heading uagb-block-7b600c7c\"><h5 class=\"uagb-heading-text\">+86 158 0285 9969<\/h5><\/div>\n<\/div>\n\n\n\n<div class=\"wp-block-uagb-container uagb-block-bbac4cb6\">\n<div class=\"wp-block-uagb-advanced-heading uagb-block-425262b5\"><h3 class=\"uagb-heading-text\">Geri d\u00f6n\u00fc\u015fler<\/h3><p class=\"uagb-desc-text\">\u0130ade i\u00e7in kompresyon \u00e7oraplar\u0131n\u0131z, k\u00fclotlar\u0131n\u0131z veya ins\u00fclin kaleminizle ilgili olarak bizimle ileti\u015fime ge\u00e7in.<\/p><\/div>\n\n\n\n<div class=\"wp-block-uagb-advanced-heading uagb-block-40b56668\"><h5 class=\"uagb-heading-text\">Taxne@outlook.com<\/h5><\/div>\n<\/div>\n\n\n\n<div class=\"wp-block-uagb-container uagb-block-78f5ccad\">\n<div class=\"wp-block-uagb-advanced-heading uagb-block-1e9a5949\"><h3 class=\"uagb-heading-text\">Pazarlama<\/h3><p class=\"uagb-desc-text\">Kompresyon \u00e7oraplar\u0131, k\u00fclotlar veya ins\u00fclin kalemleri ile ilgili pazarlama sorular\u0131 i\u00e7in.<\/p><\/div>\n\n\n\n<div class=\"wp-block-uagb-advanced-heading uagb-block-eb19c1f6\"><h5 class=\"uagb-heading-text\">+86 198 028 99098<\/h5><\/div>\n<\/div>\n<\/div>\n<\/div><\/div>\n\n\n\n<div class=\"wp-block-uagb-container uagb-block-77408ad7 alignfull uagb-is-root-container\"><div class=\"uagb-container-inner-blocks-wrap\">\n<div class=\"wp-block-uagb-info-box uagb-block-35952ac3 uagb-infobox__content-wrap  uagb-infobox-icon-above-title uagb-infobox-image-valign-top wp-block-uagb-info-box--has-margin\"><div class=\"uagb-infobox-margin-wrapper\"><div class=\"uagb-ifb-content\"><div class=\"uagb-ifb-title-wrap\"><h6 class=\"uagb-ifb-title-prefix\">Yabanc\u0131 olma!<\/h6><h2 class=\"uagb-ifb-title\">Siz bize anlat\u0131n. Biz dinleriz.<\/h2><\/div><p class=\"uagb-ifb-desc\">\u00dcr\u00fcnlerimizle ilgili her t\u00fcrl\u00fc soru veya endi\u015fenizde size yard\u0131mc\u0131 olmak i\u00e7in buraday\u0131z. Kompresyon \u00e7oraplar\u0131m\u0131z, k\u00fclotlar\u0131m\u0131z veya ins\u00fclin kalemlerimiz hakk\u0131nda sorular\u0131n\u0131z varsa, \u00f6zel ekibimiz size yard\u0131mc\u0131 olmaya haz\u0131rd\u0131r.<br>Kompresyon \u00e7oraplar\u0131, kompresyon \u00e7oraplar\u0131, kompresyon kollar\u0131, kompresyon k\u00fclotlu \u00e7oraplar\u0131, k\u00fclotlar, tangalar, G-stringler, regl k\u00fclotlar\u0131, regl i\u00e7 \u00e7ama\u015f\u0131rlar\u0131, ins\u00fclin kalemleri, enjeksiyon kalemleri, sat\u0131l\u0131k yeniden kullan\u0131labilir ins\u00fclin kalemleri ve daha fazlas\u0131 dahil olmak \u00fczere \u00fcr\u00fcnlerimizle ilgili her t\u00fcrl\u00fc sorunuz i\u00e7in l\u00fctfen bize ula\u015f\u0131n.<\/p><\/div><\/div><\/div>\n\n\n\n<div class=\"wp-block-uagb-container uagb-block-e2f776e3\">\n<div class=\"wp-block-uagb-forms uagb-forms__outer-wrap uagb-block-6aabef13 uagb-forms__default-btn\"><form class=\"uagb-forms-main-form\" method=\"post\" autocomplete=\"on\" name=\"uagb-form-6aabef13\" action=\"\">\n<div class=\"wp-block-uagb-forms-name uagb-forms-name-wrap uagb-forms-field-set uagb-block-d1994833\"><div class=\"uagb-forms-name-label required uagb-forms-input-label\" id=\"d1994833\">\u0130lk \u0130sim<\/div><input type=\"text\" placeholder=\"\u0130S\u0130M\" required class=\"uagb-forms-name-input uagb-forms-input\" name=\"d1994833\" autocomplete=\"given-name\"\/><\/div>\n\n\n\n<div class=\"wp-block-uagb-forms-name uagb-forms-name-wrap uagb-forms-field-set uagb-block-a362ca6e\"><div class=\"uagb-forms-name-label required uagb-forms-input-label\" id=\"a362ca6e\">Soyad\u0131<\/div><input type=\"text\" placeholder=\"KONU\" required class=\"uagb-forms-name-input uagb-forms-input\" name=\"a362ca6e\" autocomplete=\"family-name\"\/><\/div>\n\n\n\n<div class=\"wp-block-uagb-forms-email uagb-forms-email-wrap uagb-forms-field-set uagb-block-e0a7c43b\"><div class=\"uagb-forms-email-label  uagb-forms-input-label\" id=\"e0a7c43b\">E-posta<\/div><input type=\"email\" class=\"uagb-forms-email-input uagb-forms-input\" placeholder=\"E-POSTA\" name=\"e0a7c43b\" autocomplete=\"email\"\/><\/div>\n\n\n\n<div class=\"wp-block-uagb-forms-textarea uagb-forms-textarea-wrap uagb-forms-field-set uagb-block-f50e786d\"><div class=\"uagb-forms-textarea-label required uagb-forms-input-label\" id=\"f50e786d\">Mesaj<\/div><textarea required class=\"uagb-forms-textarea-input uagb-forms-input\" rows=\"6\" placeholder=\"MESAJ\" name=\"f50e786d\" autocomplete=\"off\"><\/textarea><\/div>\n<div class=\"uagb-forms-form-hidden-data\"><input type=\"hidden\" class=\"uagb_forms_form_label\" value=\"Spectra Form\"\/><input type=\"hidden\" class=\"uagb_forms_form_id\" value=\"uagb-form-6aabef13\"\/><\/div><div class=\"uagb-form-reacaptcha-error-6aabef13\"><\/div><div class=\"uagb-forms-main-submit-button-wrap wp-block-button\"><button class=\"uagb-forms-main-submit-button wp-block-button__link\"><div class=\"uagb-forms-main-submit-button-text\">MESAJ G\u00d6NDER<\/div><\/button><\/div><input type=\"hidden\" name=\"trp-form-language\" value=\"tr\"\/><\/form><div class=\"uagb-forms-success-message-6aabef13 uagb-forms-submit-message-hide\"><span>Form ba\u015far\u0131yla g\u00f6nderildi!<\/span><\/div><div class=\"uagb-forms-failed-message-6aabef13 uagb-forms-submit-message-hide\"><span>Formu g\u00f6nderirken bir hata olu\u015ftu. L\u00fctfen t\u00fcm form alanlar\u0131n\u0131 tekrar do\u011frulay\u0131n.<\/span><\/div><\/div>\n<\/div>\n<\/div><\/div>","protected":false},"excerpt":{"rendered":"<p>Contact Us Sales For sales inquiries about compression socks, panties, and insulin pens, contact us. 1037618528@qq.com Complaints For complaints regarding our compression socks, panties, and insulin pens, contact us. +86 158 0285 9969 Returns For returns, contact us regarding your compression socks, panties, or insulin pen. Taxne@outlook.com Marketing For marketing inquiries regarding compression socks, panties, [&hellip;]<\/p>\n","protected":false},"author":1,"featured_media":0,"parent":0,"menu_order":0,"comment_status":"closed","ping_status":"closed","template":"","meta":{"_uag_custom_page_level_css":"","site-sidebar-layout":"no-sidebar","site-content-layout":"plain-container","ast-site-content-layout":"full-width-container","site-content-style":"default","site-sidebar-style":"default","ast-global-header-display":"","ast-banner-title-visibility":"","ast-main-header-display":"","ast-hfb-above-header-display":"","ast-hfb-below-header-display":"","ast-hfb-mobile-header-display":"","site-post-title":"disabled","ast-breadcrumbs-content":"","ast-featured-img":"","footer-sml-layout":"","ast-disable-related-posts":"","theme-transparent-header-meta":"enabled","adv-header-id-meta":"","stick-header-meta":"","header-above-stick-meta":"","header-main-stick-meta":"","header-below-stick-meta":"","astra-migrate-meta-layouts":"set","ast-page-background-enabled":"default","ast-page-background-meta":{"desktop":{"background-color":"","background-image":"","background-repeat":"repeat","background-position":"center center","background-size":"auto","background-attachment":"scroll","background-type":"","background-media":"","overlay-type":"","overlay-color":"","overlay-opacity":"","overlay-gradient":""},"tablet":{"background-color":"","background-image":"","background-repeat":"repeat","background-position":"center center","background-size":"auto","background-attachment":"scroll","background-type":"","background-media":"","overlay-type":"","overlay-color":"","overlay-opacity":"","overlay-gradient":""},"mobile":{"background-color":"","background-image":"","background-repeat":"repeat","background-position":"center center","background-size":"auto","background-attachment":"scroll","background-type":"","background-media":"","overlay-type":"","overlay-color":"","overlay-opacity":"","overlay-gradient":""}},"ast-content-background-meta":{"desktop":{"background-color":"var(--ast-global-color-5)","background-image":"","background-repeat":"repeat","background-position":"center center","background-size":"auto","background-attachment":"scroll","background-type":"","background-media":"","overlay-type":"","overlay-color":"","overlay-opacity":"","overlay-gradient":""},"tablet":{"background-color":"var(--ast-global-color-5)","background-image":"","background-repeat":"repeat","background-position":"center center","background-size":"auto","background-attachment":"scroll","background-type":"","background-media":"","overlay-type":"","overlay-color":"","overlay-opacity":"","overlay-gradient":""},"mobile":{"background-color":"var(--ast-global-color-5)","background-image":"","background-repeat":"repeat","background-position":"center center","background-size":"auto","background-attachment":"scroll","background-type":"","background-media":"","overlay-type":"","overlay-color":"","overlay-opacity":"","overlay-gradient":""}},"footnotes":""},"class_list":["post-60","page","type-page","status-publish","hentry"],"yoast_head":"<!-- This site is optimized with the Yoast SEO plugin v27.1.1 - https:\/\/yoast.com\/product\/yoast-seo-wordpress\/ -->\n<title>Contact Us for Compression Socks, Panties, and Insulin Pens<\/title>\n<meta name=\"description\" content=\"Reach out for questions about compression socks, stockings,sleeves,pantyhose,panties, period panties,insulin pens,and reusable insulin pens for sale\" \/>\n<meta name=\"robots\" content=\"index, follow, max-snippet:-1, max-image-preview:large, max-video-preview:-1\" \/>\n<link rel=\"canonical\" href=\"https:\/\/baxne.com\/tr\/bize-ulasin\/\" \/>\n<meta property=\"og:locale\" content=\"tr_TR\" \/>\n<meta property=\"og:type\" content=\"article\" \/>\n<meta property=\"og:title\" content=\"Contact Us for Compression Socks, Panties, and Insulin Pens\" \/>\n<meta property=\"og:description\" content=\"Reach out for questions about compression socks, stockings,sleeves,pantyhose,panties, period panties,insulin pens,and reusable insulin pens for sale\" \/>\n<meta property=\"og:url\" content=\"https:\/\/baxne.com\/tr\/bize-ulasin\/\" \/>\n<meta property=\"og:site_name\" content=\"baxne\" \/>\n<meta property=\"article:modified_time\" content=\"2024-07-02T14:20:47+00:00\" \/>\n<meta property=\"og:image\" content=\"https:\/\/baxne.com\/wp-content\/uploads\/2024\/06\/logo-4.png\" \/>\n\t<meta property=\"og:image:width\" content=\"1065\" \/>\n\t<meta property=\"og:image:height\" content=\"268\" \/>\n\t<meta property=\"og:image:type\" content=\"image\/png\" \/>\n<meta name=\"twitter:card\" content=\"summary_large_image\" \/>\n<meta name=\"twitter:label1\" content=\"Tahmini okuma s\u00fcresi\" \/>\n\t<meta name=\"twitter:data1\" content=\"1 dakika\" \/>\n<script type=\"application\/ld+json\" class=\"yoast-schema-graph\">{\"@context\":\"https:\/\/schema.org\",\"@graph\":[{\"@type\":\"WebPage\",\"@id\":\"https:\/\/baxne.com\/contact-us\/\",\"url\":\"https:\/\/baxne.com\/contact-us\/\",\"name\":\"Contact Us for Compression Socks, Panties, and Insulin Pens\",\"isPartOf\":{\"@id\":\"https:\/\/baxne.com\/#website\"},\"datePublished\":\"2024-06-17T08:13:08+00:00\",\"dateModified\":\"2024-07-02T14:20:47+00:00\",\"description\":\"Reach out for questions about compression socks, stockings,sleeves,pantyhose,panties, period panties,insulin pens,and reusable insulin pens for sale\",\"breadcrumb\":{\"@id\":\"https:\/\/baxne.com\/contact-us\/#breadcrumb\"},\"inLanguage\":\"tr\",\"potentialAction\":[{\"@type\":\"ReadAction\",\"target\":[\"https:\/\/baxne.com\/contact-us\/\"]}]},{\"@type\":\"BreadcrumbList\",\"@id\":\"https:\/\/baxne.com\/contact-us\/#breadcrumb\",\"itemListElement\":[{\"@type\":\"ListItem\",\"position\":1,\"name\":\"\u9996\u9875\",\"item\":\"https:\/\/baxne.com\/\"},{\"@type\":\"ListItem\",\"position\":2,\"name\":\"Contact Us\"}]},{\"@type\":\"WebSite\",\"@id\":\"https:\/\/baxne.com\/#website\",\"url\":\"https:\/\/baxne.com\/\",\"name\":\"baxne.com\",\"description\":\"\",\"publisher\":{\"@id\":\"https:\/\/baxne.com\/#organization\"},\"potentialAction\":[{\"@type\":\"SearchAction\",\"target\":{\"@type\":\"EntryPoint\",\"urlTemplate\":\"https:\/\/baxne.com\/?s={search_term_string}\"},\"query-input\":{\"@type\":\"PropertyValueSpecification\",\"valueRequired\":true,\"valueName\":\"search_term_string\"}}],\"inLanguage\":\"tr\"},{\"@type\":\"Organization\",\"@id\":\"https:\/\/baxne.com\/#organization\",\"name\":\"baxne.com\",\"url\":\"https:\/\/baxne.com\/\",\"logo\":{\"@type\":\"ImageObject\",\"inLanguage\":\"tr\",\"@id\":\"https:\/\/baxne.com\/#\/schema\/logo\/image\/\",\"url\":\"https:\/\/baxne.com\/wp-content\/uploads\/2024\/06\/logo-1.png\",\"contentUrl\":\"https:\/\/baxne.com\/wp-content\/uploads\/2024\/06\/logo-1.png\",\"width\":1065,\"height\":268,\"caption\":\"baxne.com\"},\"image\":{\"@id\":\"https:\/\/baxne.com\/#\/schema\/logo\/image\/\"}}]}<\/script>\n<!-- \/ Yoast SEO plugin. -->","yoast_head_json":{"title":"Kompresyon \u00c7oraplar\u0131, K\u00fclotlar ve \u0130ns\u00fclin Kalemleri i\u00e7in Bize Ula\u015f\u0131n","description":"Kompresyon \u00e7oraplar\u0131, \u00e7oraplar, kolluklar, k\u00fclotlu \u00e7oraplar, k\u00fclotlar, regl k\u00fclotlar\u0131, ins\u00fclin kalemleri ve sat\u0131l\u0131k yeniden kullan\u0131labilir ins\u00fclin kalemleri hakk\u0131ndaki sorular\u0131n\u0131z i\u00e7in bize ula\u015f\u0131n","robots":{"index":"index","follow":"follow","max-snippet":"max-snippet:-1","max-image-preview":"max-image-preview:large","max-video-preview":"max-video-preview:-1"},"canonical":"https:\/\/baxne.com\/tr\/bize-ulasin\/","og_locale":"tr_TR","og_type":"article","og_title":"Contact Us for Compression Socks, Panties, and Insulin Pens","og_description":"Reach out for questions about compression socks, stockings,sleeves,pantyhose,panties, period panties,insulin pens,and reusable insulin pens for sale","og_url":"https:\/\/baxne.com\/tr\/bize-ulasin\/","og_site_name":"baxne","article_modified_time":"2024-07-02T14:20:47+00:00","og_image":[{"width":1065,"height":268,"url":"https:\/\/baxne.com\/wp-content\/uploads\/2024\/06\/logo-4.png","type":"image\/png"}],"twitter_card":"summary_large_image","twitter_misc":{"Tahmini okuma s\u00fcresi":"1 dakika"},"schema":{"@context":"https:\/\/schema.org","@graph":[{"@type":"WebPage","@id":"https:\/\/baxne.com\/contact-us\/","url":"https:\/\/baxne.com\/contact-us\/","name":"Kompresyon \u00c7oraplar\u0131, K\u00fclotlar ve \u0130ns\u00fclin Kalemleri i\u00e7in Bize Ula\u015f\u0131n","isPartOf":{"@id":"https:\/\/baxne.com\/#website"},"datePublished":"2024-06-17T08:13:08+00:00","dateModified":"2024-07-02T14:20:47+00:00","description":"Kompresyon \u00e7oraplar\u0131, \u00e7oraplar, kolluklar, k\u00fclotlu \u00e7oraplar, k\u00fclotlar, regl k\u00fclotlar\u0131, ins\u00fclin kalemleri ve sat\u0131l\u0131k yeniden kullan\u0131labilir ins\u00fclin kalemleri hakk\u0131ndaki sorular\u0131n\u0131z i\u00e7in bize ula\u015f\u0131n","breadcrumb":{"@id":"https:\/\/baxne.com\/contact-us\/#breadcrumb"},"inLanguage":"tr","potentialAction":[{"@type":"ReadAction","target":["https:\/\/baxne.com\/contact-us\/"]}]},{"@type":"BreadcrumbList","@id":"https:\/\/baxne.com\/contact-us\/#breadcrumb","itemListElement":[{"@type":"ListItem","position":1,"name":"\u9996\u9875","item":"https:\/\/baxne.com\/"},{"@type":"ListItem","position":2,"name":"Contact Us"}]},{"@type":"WebSite","@id":"https:\/\/baxne.com\/#website","url":"https:\/\/baxne.com\/","name":"baxne.com","description":"","publisher":{"@id":"https:\/\/baxne.com\/#organization"},"potentialAction":[{"@type":"SearchAction","target":{"@type":"EntryPoint","urlTemplate":"https:\/\/baxne.com\/?s={search_term_string}"},"query-input":{"@type":"PropertyValueSpecification","valueRequired":true,"valueName":"search_term_string"}}],"inLanguage":"tr"},{"@type":"Organization","@id":"https:\/\/baxne.com\/#organization","name":"baxne.com","url":"https:\/\/baxne.com\/","logo":{"@type":"ImageObject","inLanguage":"tr","@id":"https:\/\/baxne.com\/#\/schema\/logo\/image\/","url":"https:\/\/baxne.com\/wp-content\/uploads\/2024\/06\/logo-1.png","contentUrl":"https:\/\/baxne.com\/wp-content\/uploads\/2024\/06\/logo-1.png","width":1065,"height":268,"caption":"baxne.com"},"image":{"@id":"https:\/\/baxne.com\/#\/schema\/logo\/image\/"}}]}},"_hostinger_reach_plugin_has_subscription_block":false,"_hostinger_reach_plugin_is_elementor":false,"uagb_featured_image_src":{"full":false,"thumbnail":false,"medium":false,"medium_large":false,"large":false,"1536x1536":false,"2048x2048":false,"trp-custom-language-flag":false,"woocommerce_thumbnail":false,"woocommerce_single":false,"woocommerce_gallery_thumbnail":false},"uagb_author_info":{"display_name":"tianke1223@gmail.com","author_link":"https:\/\/baxne.com\/tr\/author\/tianke1223gmail-com\/"},"uagb_comment_info":0,"uagb_excerpt":"Contact Us Sales For sales inquiries about compression socks, panties, and insulin pens, contact us. 1037618528@qq.com Complaints For complaints regarding our compression socks, panties, and insulin pens, contact us. +86 158 0285 9969 Returns For returns, contact us regarding your compression socks, panties, or insulin pen. Taxne@outlook.com Marketing For marketing inquiries regarding compression socks, panties,&hellip;","jetpack_sharing_enabled":true,"_links":{"self":[{"href":"https:\/\/baxne.com\/tr\/wp-json\/wp\/v2\/pages\/60","targetHints":{"allow":["GET"]}}],"collection":[{"href":"https:\/\/baxne.com\/tr\/wp-json\/wp\/v2\/pages"}],"about":[{"href":"https:\/\/baxne.com\/tr\/wp-json\/wp\/v2\/types\/page"}],"author":[{"embeddable":true,"href":"https:\/\/baxne.com\/tr\/wp-json\/wp\/v2\/users\/1"}],"replies":[{"embeddable":true,"href":"https:\/\/baxne.com\/tr\/wp-json\/wp\/v2\/comments?post=60"}],"version-history":[{"count":4,"href":"https:\/\/baxne.com\/tr\/wp-json\/wp\/v2\/pages\/60\/revisions"}],"predecessor-version":[{"id":4296,"href":"https:\/\/baxne.com\/tr\/wp-json\/wp\/v2\/pages\/60\/revisions\/4296"}],"wp:attachment":[{"href":"https:\/\/baxne.com\/tr\/wp-json\/wp\/v2\/media?parent=60"}],"curies":[{"name":"wp","href":"https:\/\/api.w.org\/{rel}","templated":true}]}}